{"id":936748,"date":"2018-05-31T18:39:51","date_gmt":"2018-05-31T15:39:51","guid":{"rendered":"https:\/\/uusmaa.ee\/avaleht\/"},"modified":"2026-02-18T14:43:05","modified_gmt":"2026-02-18T12:43:05","slug":"avaleht","status":"publish","type":"page","link":"https:\/\/uusmaa.ee\/ru\/","title":{"rendered":"Avaleht"},"content":{"rendered":"","protected":false},"excerpt":{"rendered":"","protected":false},"author":21,"featured_media":0,"parent":0,"menu_order":186,"comment_status":"closed","ping_status":"closed","template":"","meta":{"_acf_changed":false,"footnotes":""},"class_list":["post-936748","page","type-page","status-publish","hentry"],"acf":[],"yoast_head":"<!-- This site is optimized with the Yoast SEO plugin v27.5 - https:\/\/yoast.com\/product\/yoast-seo-wordpress\/ -->\n<title>Turuliider Uus Maa Kinnisvarab&uuml;roo &ndash; 30 aastat rahulolevaid kliente<\/title>\n<meta name=\"description\" content=\"Soovid m\u00fc\u00fca, \u00fc\u00fcrile anda v\u00f5i hinnata kinnisvara? Tahad olla kursis v\u00e4rskeima turuinfoga v\u00f5i otsid uut kodu? Meie t\u00f6\u00f6 on tagada Sinule parim tehing.\" \/>\n<meta name=\"robots\" content=\"index, follow, max-snippet:-1, max-image-preview:large, max-video-preview:-1\" \/>\n<link rel=\"canonical\" href=\"https:\/\/uusmaa.ee\/ru\/\" \/>\n<meta property=\"og:locale\" content=\"ru_RU\" \/>\n<meta property=\"og:type\" content=\"article\" \/>\n<meta property=\"og:title\" content=\"Turuliider Uus Maa Kinnisvarab&uuml;roo &ndash; 30 aastat rahulolevaid kliente\" \/>\n<meta property=\"og:description\" content=\"Soovid m\u00fc\u00fca, \u00fc\u00fcrile anda v\u00f5i hinnata kinnisvara? Tahad olla kursis v\u00e4rskeima turuinfoga v\u00f5i otsid uut kodu? Meie t\u00f6\u00f6 on tagada Sinule parim tehing.\" \/>\n<meta property=\"og:url\" content=\"https:\/\/uusmaa.ee\/ru\/\" \/>\n<meta property=\"og:site_name\" content=\"Uus Maa Kinnisvarab&uuml;roo\" \/>\n<meta property=\"article:publisher\" content=\"https:\/\/www.facebook.com\/uusmaakinnisvarabyroo\" \/>\n<meta property=\"article:modified_time\" content=\"2026-02-18T12:43:05+00:00\" \/>\n<meta name=\"twitter:card\" content=\"summary_large_image\" \/>\n<!-- \/ Yoast SEO plugin. -->","yoast_head_json":{"title":"Turuliider Uus Maa Kinnisvarab&uuml;roo &ndash; 30 aastat rahulolevaid kliente","description":"Soovid m\u00fc\u00fca, \u00fc\u00fcrile anda v\u00f5i hinnata kinnisvara? Tahad olla kursis v\u00e4rskeima turuinfoga v\u00f5i otsid uut kodu? Meie t\u00f6\u00f6 on tagada Sinule parim tehing.","robots":{"index":"index","follow":"follow","max-snippet":"max-snippet:-1","max-image-preview":"max-image-preview:large","max-video-preview":"max-video-preview:-1"},"canonical":"https:\/\/uusmaa.ee\/ru\/","og_locale":"ru_RU","og_type":"article","og_title":"Turuliider Uus Maa Kinnisvarab&uuml;roo &ndash; 30 aastat rahulolevaid kliente","og_description":"Soovid m\u00fc\u00fca, \u00fc\u00fcrile anda v\u00f5i hinnata kinnisvara? Tahad olla kursis v\u00e4rskeima turuinfoga v\u00f5i otsid uut kodu? Meie t\u00f6\u00f6 on tagada Sinule parim tehing.","og_url":"https:\/\/uusmaa.ee\/ru\/","og_site_name":"Uus Maa Kinnisvarab&uuml;roo","article_publisher":"https:\/\/www.facebook.com\/uusmaakinnisvarabyroo","article_modified_time":"2026-02-18T12:43:05+00:00","twitter_card":"summary_large_image","schema":{"@context":"https:\/\/schema.org","@graph":[{"@type":"WebPage","@id":"https:\/\/uusmaa.ee\/ru\/","url":"https:\/\/uusmaa.ee\/ru\/","name":"Turuliider Uus Maa Kinnisvarab&uuml;roo &ndash; 30 aastat rahulolevaid kliente","isPartOf":{"@id":"https:\/\/uusmaa.ee\/ru\/#website"},"datePublished":"2018-05-31T15:39:51+00:00","dateModified":"2026-02-18T12:43:05+00:00","description":"Soovid m\u00fc\u00fca, \u00fc\u00fcrile anda v\u00f5i hinnata kinnisvara? Tahad olla kursis v\u00e4rskeima turuinfoga v\u00f5i otsid uut kodu? Meie t\u00f6\u00f6 on tagada Sinule parim tehing.","breadcrumb":{"@id":"https:\/\/uusmaa.ee\/ru\/#breadcrumb"},"inLanguage":"ru-RU","potentialAction":[{"@type":"ReadAction","target":["https:\/\/uusmaa.ee\/ru\/"]}]},{"@type":"BreadcrumbList","@id":"https:\/\/uusmaa.ee\/ru\/#breadcrumb","itemListElement":[{"@type":"ListItem","position":1,"name":"Uus Maa kinnisvarab\u00fcroo","item":"https:\/\/uusmaa.ee\/ru\/"},{"@type":"ListItem","position":2,"name":"Avaleht"}]},{"@type":"WebSite","@id":"https:\/\/uusmaa.ee\/ru\/#website","url":"https:\/\/uusmaa.ee\/ru\/","name":"Uus Maa Kinnisvarab\u00fcroo","description":"Turuliider Uus Maa Kinnisvarab&uuml;roo &ndash; 30 aastat rahulolevaid kliente","publisher":{"@id":"https:\/\/uusmaa.ee\/ru\/#organization"},"potentialAction":[{"@type":"SearchAction","target":{"@type":"EntryPoint","urlTemplate":"https:\/\/uusmaa.ee\/ru\/?s={search_term_string}"},"query-input":{"@type":"PropertyValueSpecification","valueRequired":true,"valueName":"search_term_string"}}],"inLanguage":"ru-RU"},{"@type":"Organization","@id":"https:\/\/uusmaa.ee\/ru\/#organization","name":"Uus Maa","url":"https:\/\/uusmaa.ee\/ru\/","logo":{"@type":"ImageObject","inLanguage":"ru-RU","@id":"https:\/\/uusmaa.ee\/ru\/#\/schema\/logo\/image\/","url":"https:\/\/uusmaa.ee\/wp-content\/uploads\/2024\/05\/UM_base_logo_color_215x33px.svg","contentUrl":"https:\/\/uusmaa.ee\/wp-content\/uploads\/2024\/05\/UM_base_logo_color_215x33px.svg","width":215,"height":33,"caption":"Uus Maa"},"image":{"@id":"https:\/\/uusmaa.ee\/ru\/#\/schema\/logo\/image\/"},"sameAs":["https:\/\/www.facebook.com\/uusmaakinnisvarabyroo","https:\/\/www.linkedin.com\/company\/uus-maa-kinnisvarab-roo","https:\/\/www.youtube.com\/user\/uusmaa20"]}]}},"_links":{"self":[{"href":"https:\/\/uusmaa.ee\/ru\/wp-json\/wp\/v2\/pages\/936748","targetHints":{"allow":["GET"]}}],"collection":[{"href":"https:\/\/uusmaa.ee\/ru\/wp-json\/wp\/v2\/pages"}],"about":[{"href":"https:\/\/uusmaa.ee\/ru\/wp-json\/wp\/v2\/types\/page"}],"author":[{"embeddable":true,"href":"https:\/\/uusmaa.ee\/ru\/wp-json\/wp\/v2\/users\/21"}],"replies":[{"embeddable":true,"href":"https:\/\/uusmaa.ee\/ru\/wp-json\/wp\/v2\/comments?post=936748"}],"version-history":[{"count":1,"href":"https:\/\/uusmaa.ee\/ru\/wp-json\/wp\/v2\/pages\/936748\/revisions"}],"predecessor-version":[{"id":3434795,"href":"https:\/\/uusmaa.ee\/ru\/wp-json\/wp\/v2\/pages\/936748\/revisions\/3434795"}],"wp:attachment":[{"href":"https:\/\/uusmaa.ee\/ru\/wp-json\/wp\/v2\/media?parent=936748"}],"curies":[{"name":"wp","href":"https:\/\/api.w.org\/{rel}","templated":true}]}}