{"id":3372856,"date":"2026-02-03T15:18:54","date_gmt":"2026-02-03T13:18:54","guid":{"rendered":"https:\/\/uusmaa.ee\/kontakt\/tallinn\/uus-maa-loond\/"},"modified":"2026-02-03T15:18:54","modified_gmt":"2026-02-03T13:18:54","slug":"uus-maa-loond","status":"publish","type":"page","link":"https:\/\/uusmaa.ee\/ru\/kontakt\/tallinn\/uus-maa-loond\/","title":{"rendered":"Uus Maa Loond"},"content":{"rendered":"<div class=\"elementToProof\">\n<div class=\"elementToProof\">\n<div class=\"elementToProof\"><\/div>\n<div class=\"elementToProof\">\n<div class=\"elementToProof\"><\/div>\n<\/div>\n<p><span style=\"color: #4d5b7a; font-family: Roboto, sans-serif; font-size: 15px; letter-spacing: 0.5px;\"><div class=\"resolve-agents row\"><div class=\"col-xs-6 col-sm-4\">\n<div class=\"person content-agent content-agent-compact\">\n<div class=\"compact-inner\">\n<div class=\"meta\">\n<h4 class=\"title\">Nelli Kerde<\/h4>\n<\/div>\n<div><a href=\"https:\/\/uusmaa.ee\/ru\/nelli-kerde\" class=\"img d-flex flex-md-column mt-md-auto d-block meta\"><img fetchpriority=\"high\" decoding=\"async\" width=\"375\" height=\"500\" src=\"https:\/\/uusmaa.ee\/images\/brokers\/611-1766400217-orig.jpg\" class=\"attachment-post-thumbnail size-post-thumbnail wp-post-image mx-auto\" alt=\"Nelli Kerde\" \/><\/a><\/div>\n<div class=\"contact\">\n<div class=\"meta\">\n<h4 class=\"title\">Nelli Kerde<\/h4>\n<div class=\"desc\">\n<br>\nM\u0430\u043a\u043b\u0435\u0440 (KMR 34620)  | UUS MAA Loond |  \u0427\u043b\u0435\u043d \u043f\u0440\u0430\u0432\u043b\u0435\u043d\u0438\u044f <br>\n<\/div>\n<a href=\"tel:+37259074300\" class=\"phone\">+372 5907 4300<\/a><a href=\"mail&#116;&#111;&#58;&#110;&#101;&#x6c;&#x6c;&#x69;&#x2e;&#x6b;&#x65;&#x72;de&#64;u&#117;&#115;&#109;&#97;&#97;&#x2e;&#x65;&#x65;\" class=\"email\">nelli&#46;kerde&#64;uusmaa&#46;ee<\/a><div class=\"lang\"><span class=\"d-none d-sm-inline-block\">\u041c\u043e\u0438 \u044f\u0437\u044b\u043a\u0438:<\/span><span class=\"est\"><\/span><span class=\"eng\"><\/span><span class=\"rus\"><\/span><\/div>\n<a href=\"https:\/\/uusmaa.ee\/ru\/nelli-kerde\" class=\"view-broker-profile\">\u0421\u043c\u043e\u0442\u0440\u0435\u0442\u044c \u043f\u0440\u043e\u0444\u0438\u043b\u044c<\/a>\n<\/div>\n<\/div>\n<\/div>\n<\/div>\n<\/div>\n<div class=\"col-xs-6 col-sm-4\">\n<div class=\"person content-agent content-agent-compact\">\n<div class=\"compact-inner\">\n<div class=\"meta\">\n<h4 class=\"title\">Kaija P\u00f5der<\/h4>\n<\/div>\n<div><a href=\"https:\/\/uusmaa.ee\/ru\/kaija-poder\" class=\"img d-flex flex-md-column mt-md-auto d-block meta\"><img decoding=\"async\" width=\"375\" height=\"500\" src=\"https:\/\/uusmaa.ee\/images\/brokers\/648-1766401971-orig.jpg\" class=\"attachment-post-thumbnail size-post-thumbnail wp-post-image mx-auto\" alt=\"Kaija P\u00f5der\" \/><\/a><\/div>\n<div class=\"contact\">\n<div class=\"meta\">\n<h4 class=\"title\">Kaija P\u00f5der<\/h4>\n<div class=\"desc\">\n<br>\nMaaker | Nelli Kerde assistent | UUS MAA Loond<br>\n<\/div>\n<a href=\"tel:+37256121500\" class=\"phone\">+372 56121500<\/a><a href=\"&#x6d;&#97;i&#x6c;&#116;&#111;&#x3a;&#x6b;&#97;i&#x6a;&#97;&#46;&#x70;&#x6f;&#100;e&#x72;&#64;u&#x75;&#x73;&#109;a&#x61;&#46;e&#x65;\" class=\"email\">&#x6b;&#97;i&#x6a;&#97;&#46;&#x70;&#111;d&#x65;&#x72;&#64;&#x75;&#x75;&#115;m&#x61;&#97;&#46;&#x65;&#101;<\/a><div class=\"lang\"><span class=\"d-none d-sm-inline-block\">\u041c\u043e\u0438 \u044f\u0437\u044b\u043a\u0438:<\/span><span class=\"est\"><\/span><span class=\"eng\"><\/span><\/div>\n<a href=\"https:\/\/uusmaa.ee\/ru\/kaija-poder\" class=\"view-broker-profile\">\u0421\u043c\u043e\u0442\u0440\u0435\u0442\u044c \u043f\u0440\u043e\u0444\u0438\u043b\u044c<\/a>\n<\/div>\n<\/div>\n<\/div>\n<\/div>\n<\/div>\n<div class=\"col-xs-6 col-sm-4\">\n<div class=\"person content-agent content-agent-compact\">\n<div class=\"compact-inner\">\n<div class=\"meta\">\n<h4 class=\"title\">Erve Lettermo<\/h4>\n<\/div>\n<div><a href=\"https:\/\/uusmaa.ee\/ru\/erve-lettermo\" class=\"img d-flex flex-md-column mt-md-auto d-block meta\"><img decoding=\"async\" width=\"375\" height=\"500\" src=\"https:\/\/uusmaa.ee\/images\/brokers\/515-1768832435-orig.jpg\" class=\"attachment-post-thumbnail size-post-thumbnail wp-post-image mx-auto\" alt=\"Erve Lettermo\" \/><\/a><\/div>\n<div class=\"contact\">\n<div class=\"meta\">\n<h4 class=\"title\">Erve Lettermo<\/h4>\n<div class=\"desc\">\n<br>\n\u041c\u0430\u043a\u043b\u0435\u0440 | UUS MAA Loond<br>\n<\/div>\n<a href=\"tel:+3725571900\" class=\"phone\">+372 557 1900<\/a><a href=\"&#x6d;&#97;&#x69;&#x6c;&#116;&#x6f;&#58;e&#x72;&#118;e&#x2e;&#108;e&#x74;&#116;e&#x72;&#109;&#x6f;&#x40;&#117;&#x75;&#x73;&#109;&#x61;&#97;&#46;&#x65;&#101;\" class=\"email\">&#x65;&#x72;&#x76;&#101;&#46;&#108;et&#x74;&#x65;&#x72;&#x6d;&#111;&#64;uu&#x73;&#x6d;&#x61;&#x61;&#46;&#101;e<\/a><div class=\"lang\"><span class=\"d-none d-sm-inline-block\">\u041c\u043e\u0438 \u044f\u0437\u044b\u043a\u0438:<\/span><span class=\"est\"><\/span><span class=\"eng\"><\/span><span class=\"rus\"><\/span><span class=\"fin\"><\/span><\/div>\n<a href=\"https:\/\/uusmaa.ee\/ru\/erve-lettermo\" class=\"view-broker-profile\">\u0421\u043c\u043e\u0442\u0440\u0435\u0442\u044c \u043f\u0440\u043e\u0444\u0438\u043b\u044c<\/a>\n<\/div>\n<\/div>\n<\/div>\n<\/div>\n<\/div>\n<div class=\"col-xs-6 col-sm-4\">\n<div class=\"person content-agent content-agent-compact\">\n<div class=\"compact-inner\">\n<div class=\"meta\">\n<h4 class=\"title\">Eve Audse<\/h4>\n<\/div>\n<div><a href=\"https:\/\/uusmaa.ee\/ru\/eve-audse\" class=\"img d-flex flex-md-column mt-md-auto d-block meta\"><img loading=\"lazy\" decoding=\"async\" width=\"375\" height=\"500\" src=\"https:\/\/uusmaa.ee\/images\/brokers\/1073-1766407556-orig.jpg\" class=\"attachment-post-thumbnail size-post-thumbnail wp-post-image mx-auto\" alt=\"Eve Audse\" \/><\/a><\/div>\n<div class=\"contact\">\n<div class=\"meta\">\n<h4 class=\"title\">Eve Audse<\/h4>\n<div class=\"desc\">\n<br>\n\u041c\u043b\u0430\u0434\u0448\u0438\u0439 \u043c\u0430\u043a\u043b\u0435\u0440 | UUS MAA Loond<br>\n<\/div>\n<a href=\"tel:+37256702900\" class=\"phone\">+372 5670 2900<\/a><a href=\"&#x6d;&#x61;&#105;l&#x74;&#x6f;&#58;ev&#x65;&#x2e;&#97;u&#x64;&#x73;&#101;&#64;u&#x75;&#x73;&#109;a&#x61;&#x2e;&#101;&#101;\" class=\"email\">&#x65;&#x76;&#x65;&#x2e;&#97;&#117;&#100;&#115;e&#64;u&#x75;&#x73;&#x6d;&#x61;&#x61;&#46;&#101;&#101;<\/a><div class=\"lang\"><span class=\"d-none d-sm-inline-block\">\u041c\u043e\u0438 \u044f\u0437\u044b\u043a\u0438:<\/span><span class=\"est\"><\/span><\/div>\n<a href=\"https:\/\/uusmaa.ee\/ru\/eve-audse\" class=\"view-broker-profile\">\u0421\u043c\u043e\u0442\u0440\u0435\u0442\u044c \u043f\u0440\u043e\u0444\u0438\u043b\u044c<\/a>\n<\/div>\n<\/div>\n<\/div>\n<\/div>\n<\/div>\n<div class=\"col-xs-6 col-sm-4\">\n<div class=\"person content-agent content-agent-compact\">\n<div class=\"compact-inner\">\n<div class=\"meta\">\n<h4 class=\"title\">Carmen Kressa<\/h4>\n<\/div>\n<div><a href=\"https:\/\/uusmaa.ee\/ru\/carmen-kressa\" class=\"img d-flex flex-md-column mt-md-auto d-block meta\"><img loading=\"lazy\" decoding=\"async\" width=\"375\" height=\"500\" src=\"https:\/\/uusmaa.ee\/images\/brokers\/1094-1771426535-orig.jpg\" class=\"attachment-post-thumbnail size-post-thumbnail wp-post-image mx-auto\" alt=\"Carmen Kressa\" \/><\/a><\/div>\n<div class=\"contact\">\n<div class=\"meta\">\n<h4 class=\"title\">Carmen Kressa<\/h4>\n<div class=\"desc\">\n<br>\n\u041c\u043b\u0430\u0434\u0448\u0438\u0439 \u043c\u0430\u043a\u043b\u0435\u0440 | UUS MAA Loond<br>\n<\/div>\n<a href=\"tel:+37256572900\" class=\"phone\">+372 5657 2900<\/a><a href=\"m&#97;&#x69;&#x6c;&#x74;o&#58;&#99;&#x61;&#x72;m&#101;&#110;&#x2e;&#x6b;re&#115;&#x73;&#x61;&#x40;u&#117;&#x73;&#x6d;&#x61;a&#46;&#101;&#x65;\" class=\"email\">&#99;&#97;&#x72;m&#101;&#x6e;&#x2e;k&#114;&#x65;&#x73;s&#97;&#x40;&#x75;u&#115;&#x6d;&#x61;a&#46;&#x65;&#x65;<\/a><div class=\"lang\"><span class=\"d-none d-sm-inline-block\">\u041c\u043e\u0438 \u044f\u0437\u044b\u043a\u0438:<\/span><span class=\"est\"><\/span><span class=\"eng\"><\/span><span class=\"rus\"><\/span><\/div>\n<a href=\"https:\/\/uusmaa.ee\/ru\/carmen-kressa\" class=\"view-broker-profile\">\u0421\u043c\u043e\u0442\u0440\u0435\u0442\u044c \u043f\u0440\u043e\u0444\u0438\u043b\u044c<\/a>\n<\/div>\n<\/div>\n<\/div>\n<\/div>\n<\/div>\n<div class=\"col-xs-6 col-sm-4\">\n<div class=\"person content-agent content-agent-compact\">\n<div class=\"compact-inner\">\n<div class=\"meta\">\n<h4 class=\"title\">Marion Luht<\/h4>\n<\/div>\n<div><a href=\"https:\/\/uusmaa.ee\/ru\/marion-luht\" class=\"img d-flex flex-md-column mt-md-auto d-block meta\"><img loading=\"lazy\" decoding=\"async\" width=\"375\" height=\"500\" src=\"https:\/\/uusmaa.ee\/images\/brokers\/1109-1776155710-orig.jpg\" class=\"attachment-post-thumbnail size-post-thumbnail wp-post-image mx-auto\" alt=\"Marion Luht\" \/><\/a><\/div>\n<div class=\"contact\">\n<div class=\"meta\">\n<h4 class=\"title\">Marion Luht<\/h4>\n<div class=\"desc\">\n<br>\n\u041c\u043b\u0430\u0434\u0448\u0438\u0439 \u043c\u0430\u043a\u043b\u0435\u0440 | Uus Maa Loond<br>\n<\/div>\n<a href=\"tel:+37256261300\" class=\"phone\">+372 5626 1300<\/a><a href=\"&#x6d;&#x61;&#105;&#108;&#116;o&#x3a;&#x6d;&#x61;&#114;&#105;on&#x2e;&#x6c;&#x75;&#104;&#116;&#64;&#x75;&#x75;&#x73;&#109;&#97;&#97;&#46;&#x65;&#x65;\" class=\"email\">&#x6d;&#x61;&#x72;&#x69;&#111;&#110;&#46;lu&#x68;&#x74;&#x40;&#x75;&#x75;&#115;&#109;&#97;a&#46;&#x65;&#x65;<\/a><div class=\"lang\"><span class=\"d-none d-sm-inline-block\">\u041c\u043e\u0438 \u044f\u0437\u044b\u043a\u0438:<\/span><span class=\"est\"><\/span><span class=\"eng\"><\/span><\/div>\n<a href=\"https:\/\/uusmaa.ee\/ru\/marion-luht\" class=\"view-broker-profile\">\u0421\u043c\u043e\u0442\u0440\u0435\u0442\u044c \u043f\u0440\u043e\u0444\u0438\u043b\u044c<\/a>\n<\/div>\n<\/div>\n<\/div>\n<\/div>\n<\/div>\n<\/div><input type=\"hidden\" name=\"page_offices\" value=\"\" \/><\/span><\/p>\n<\/div>\n<\/div>\n\n<p><\/p>\n","protected":false},"excerpt":{"rendered":"","protected":false},"author":21,"featured_media":0,"parent":2489835,"menu_order":66,"comment_status":"closed","ping_status":"closed","template":"template-bureau.php","meta":{"_acf_changed":false,"footnotes":""},"class_list":["post-3372856","page","type-page","status-publish","hentry"],"acf":[],"yoast_head":"<!-- This site is optimized with the Yoast SEO plugin v27.3 - https:\/\/yoast.com\/product\/yoast-seo-wordpress\/ -->\n<title>Uus Maa Loond &#8211; Uus Maa Kinnisvarab&uuml;roo<\/title>\n<meta name=\"description\" content=\"Uus Maa on p\u00fchendunud kliendi ootuste \u00fcletamisele ja on juhtiv ekspert Eesti kinnisvaraturul aastast 1991. Elukondliku- ja \u00e4rikinnisvara m\u00fc\u00fck, ost, \u00fc\u00fcr, hindamine.\" \/>\n<meta name=\"robots\" content=\"index, follow, max-snippet:-1, max-image-preview:large, max-video-preview:-1\" \/>\n<link rel=\"canonical\" href=\"https:\/\/uusmaa.ee\/ru\/kontakt\/tallinn\/uus-maa-loond\/\" \/>\n<meta property=\"og:locale\" content=\"ru_RU\" \/>\n<meta property=\"og:type\" content=\"article\" \/>\n<meta property=\"og:title\" content=\"Uus Maa Loond &#8211; Uus Maa Kinnisvarab&uuml;roo\" \/>\n<meta property=\"og:description\" content=\"Uus Maa on p\u00fchendunud kliendi ootuste \u00fcletamisele ja on juhtiv ekspert Eesti kinnisvaraturul aastast 1991. Elukondliku- ja \u00e4rikinnisvara m\u00fc\u00fck, ost, \u00fc\u00fcr, hindamine.\" \/>\n<meta property=\"og:url\" content=\"https:\/\/uusmaa.ee\/ru\/kontakt\/tallinn\/uus-maa-loond\/\" \/>\n<meta property=\"og:site_name\" content=\"Uus Maa Kinnisvarab&uuml;roo\" \/>\n<meta property=\"article:publisher\" content=\"https:\/\/www.facebook.com\/uusmaakinnisvarabyroo\" \/>\n<meta name=\"twitter:card\" content=\"summary_large_image\" \/>\n<!-- \/ Yoast SEO plugin. -->","yoast_head_json":{"title":"Uus Maa Loond &#8211; Uus Maa Kinnisvarab&uuml;roo","description":"Uus Maa on p\u00fchendunud kliendi ootuste \u00fcletamisele ja on juhtiv ekspert Eesti kinnisvaraturul aastast 1991. Elukondliku- ja \u00e4rikinnisvara m\u00fc\u00fck, ost, \u00fc\u00fcr, hindamine.","robots":{"index":"index","follow":"follow","max-snippet":"max-snippet:-1","max-image-preview":"max-image-preview:large","max-video-preview":"max-video-preview:-1"},"canonical":"https:\/\/uusmaa.ee\/ru\/kontakt\/tallinn\/uus-maa-loond\/","og_locale":"ru_RU","og_type":"article","og_title":"Uus Maa Loond &#8211; Uus Maa Kinnisvarab&uuml;roo","og_description":"Uus Maa on p\u00fchendunud kliendi ootuste \u00fcletamisele ja on juhtiv ekspert Eesti kinnisvaraturul aastast 1991. Elukondliku- ja \u00e4rikinnisvara m\u00fc\u00fck, ost, \u00fc\u00fcr, hindamine.","og_url":"https:\/\/uusmaa.ee\/ru\/kontakt\/tallinn\/uus-maa-loond\/","og_site_name":"Uus Maa Kinnisvarab&uuml;roo","article_publisher":"https:\/\/www.facebook.com\/uusmaakinnisvarabyroo","twitter_card":"summary_large_image","schema":{"@context":"https:\/\/schema.org","@graph":[{"@type":"WebPage","@id":"https:\/\/uusmaa.ee\/ru\/kontakt\/tallinn\/uus-maa-loond\/","url":"https:\/\/uusmaa.ee\/ru\/kontakt\/tallinn\/uus-maa-loond\/","name":"Uus Maa Loond &#8211; Uus Maa Kinnisvarab&uuml;roo","isPartOf":{"@id":"https:\/\/uusmaa.ee\/ru\/#website"},"datePublished":"2026-02-03T13:18:54+00:00","description":"Uus Maa on p\u00fchendunud kliendi ootuste \u00fcletamisele ja on juhtiv ekspert Eesti kinnisvaraturul aastast 1991. Elukondliku- ja \u00e4rikinnisvara m\u00fc\u00fck, ost, \u00fc\u00fcr, hindamine.","breadcrumb":{"@id":"https:\/\/uusmaa.ee\/ru\/kontakt\/tallinn\/uus-maa-loond\/#breadcrumb"},"inLanguage":"ru-RU","potentialAction":[{"@type":"ReadAction","target":["https:\/\/uusmaa.ee\/ru\/kontakt\/tallinn\/uus-maa-loond\/"]}]},{"@type":"BreadcrumbList","@id":"https:\/\/uusmaa.ee\/ru\/kontakt\/tallinn\/uus-maa-loond\/#breadcrumb","itemListElement":[{"@type":"ListItem","position":1,"name":"Uus Maa kinnisvarab\u00fcroo","item":"https:\/\/uusmaa.ee\/ru\/"},{"@type":"ListItem","position":2,"name":"\u043a\u043e\u043d\u0442\u0430\u043a\u0442","item":"https:\/\/uusmaa.ee\/ru\/kontakt\/"},{"@type":"ListItem","position":3,"name":"Tallinn","item":"https:\/\/uusmaa.ee\/ru\/kontakt\/tallinn\/"},{"@type":"ListItem","position":4,"name":"Uus Maa Loond"}]},{"@type":"WebSite","@id":"https:\/\/uusmaa.ee\/ru\/#website","url":"https:\/\/uusmaa.ee\/ru\/","name":"Uus Maa Kinnisvarab\u00fcroo","description":"Turuliider Uus Maa Kinnisvarab&uuml;roo &ndash; 30 aastat rahulolevaid kliente","publisher":{"@id":"https:\/\/uusmaa.ee\/ru\/#organization"},"potentialAction":[{"@type":"SearchAction","target":{"@type":"EntryPoint","urlTemplate":"https:\/\/uusmaa.ee\/ru\/?s={search_term_string}"},"query-input":{"@type":"PropertyValueSpecification","valueRequired":true,"valueName":"search_term_string"}}],"inLanguage":"ru-RU"},{"@type":"Organization","@id":"https:\/\/uusmaa.ee\/ru\/#organization","name":"Uus Maa","url":"https:\/\/uusmaa.ee\/ru\/","logo":{"@type":"ImageObject","inLanguage":"ru-RU","@id":"https:\/\/uusmaa.ee\/ru\/#\/schema\/logo\/image\/","url":"https:\/\/uusmaa.ee\/wp-content\/uploads\/2024\/05\/UM_base_logo_color_215x33px.svg","contentUrl":"https:\/\/uusmaa.ee\/wp-content\/uploads\/2024\/05\/UM_base_logo_color_215x33px.svg","width":215,"height":33,"caption":"Uus Maa"},"image":{"@id":"https:\/\/uusmaa.ee\/ru\/#\/schema\/logo\/image\/"},"sameAs":["https:\/\/www.facebook.com\/uusmaakinnisvarabyroo","https:\/\/www.linkedin.com\/company\/uus-maa-kinnisvarab-roo","https:\/\/www.youtube.com\/user\/uusmaa20"]}]}},"_links":{"self":[{"href":"https:\/\/uusmaa.ee\/ru\/wp-json\/wp\/v2\/pages\/3372856","targetHints":{"allow":["GET"]}}],"collection":[{"href":"https:\/\/uusmaa.ee\/ru\/wp-json\/wp\/v2\/pages"}],"about":[{"href":"https:\/\/uusmaa.ee\/ru\/wp-json\/wp\/v2\/types\/page"}],"author":[{"embeddable":true,"href":"https:\/\/uusmaa.ee\/ru\/wp-json\/wp\/v2\/users\/21"}],"replies":[{"embeddable":true,"href":"https:\/\/uusmaa.ee\/ru\/wp-json\/wp\/v2\/comments?post=3372856"}],"version-history":[{"count":1,"href":"https:\/\/uusmaa.ee\/ru\/wp-json\/wp\/v2\/pages\/3372856\/revisions"}],"predecessor-version":[{"id":3372857,"href":"https:\/\/uusmaa.ee\/ru\/wp-json\/wp\/v2\/pages\/3372856\/revisions\/3372857"}],"up":[{"embeddable":true,"href":"https:\/\/uusmaa.ee\/ru\/wp-json\/wp\/v2\/pages\/2489835"}],"wp:attachment":[{"href":"https:\/\/uusmaa.ee\/ru\/wp-json\/wp\/v2\/media?parent=3372856"}],"curies":[{"name":"wp","href":"https:\/\/api.w.org\/{rel}","templated":true}]}}