{"id":1118597,"date":"2018-05-29T15:12:01","date_gmt":"2018-05-29T12:12:01","guid":{"rendered":"https:\/\/uusmaa.ee\/arendused\/"},"modified":"2019-04-02T10:35:21","modified_gmt":"2019-04-02T07:35:21","slug":"arendused","status":"publish","type":"page","link":"https:\/\/uusmaa.ee\/ru\/arendused\/","title":{"rendered":"\u041d\u043e\u0432\u043e\u0441\u0442\u0440\u043e\u0439\u043a\u0438"},"content":{"rendered":"<p>Nii nagu Te ei pea tingimata orienteeruma seaduser\u00e4gastikes, ei pea Te tingimata teadma k\u00f5ike kinnisvarast. Selle jaoks on professionaalne maakler, kes annab Teile p\u00e4deva vastuse k\u00f5igile kinnisvaraalastele k\u00fcsimustele-probleemidele. Kinnisvarab\u00fcroo valik on oluline otsus, sest maakler peab suutma Teid professionaalselt n\u00f5ustada kogu ostu-m\u00fc\u00fcgiprotsessi v\u00e4ltel. Kliendina peate tunnetama, et teenusepakkuja tagab Teile usaldusv\u00e4\u00e4rse informatsiooni ja tegutseb juriidiliselt korrektselt Teie poolt p\u00fcstitatud eesm\u00e4rkide kohaselt. Meie maaklerid pakuvad s\u00f5bralikku, iga konkreetse kliendi vajadusi arvestavat, paindlikku ja usaldusv\u00e4\u00e4rset teenust. Aitame kogu protsessi l\u00e4bi viia ja v\u00f5tame enda kanda kogu tehingutega seonduva asjaajamise, tegutsedes diskreetselt Teie parimates huvides.<\/p>\n<p>[eesti-kaart]<\/p>\n","protected":false},"excerpt":{"rendered":"<p>Nii nagu Te ei pea tingimata orienteeruma seaduser\u00e4gastikes, ei pea Te tingimata teadma k\u00f5ike kinnisvarast. Selle jaoks on professionaalne maakler, kes annab Teile p\u00e4deva vastuse k\u00f5igile kinnisvaraalastele k\u00fcsimustele-probleemidele. Kinnisvarab\u00fcroo valik on oluline otsus, sest maakler peab suutma Teid professionaalselt n\u00f5ustada kogu ostu-m\u00fc\u00fcgiprotsessi v\u00e4ltel. Kliendina peate tunnetama, et teenusepakkuja tagab Teile usaldusv\u00e4\u00e4rse informatsiooni ja tegutseb juriidiliselt &hellip;<\/p>\n","protected":false},"author":21,"featured_media":0,"parent":0,"menu_order":239,"comment_status":"closed","ping_status":"closed","template":"template-pakkumised.php","meta":{"_acf_changed":false,"footnotes":""},"class_list":["post-1118597","page","type-page","status-publish","hentry"],"acf":[],"yoast_head":"<!-- This site is optimized with the Yoast SEO plugin v27.5 - https:\/\/yoast.com\/product\/yoast-seo-wordpress\/ -->\n<title>\u041d\u043e\u0432\u043e\u0441\u0442\u0440\u043e\u0439\u043a\u0438 Eesti Kinnisvaraturul&#8211; Uus Maa Kinnisvarab&uuml;roo<\/title>\n<meta name=\"description\" content=\"Uusarendused moodustavad Eesti kinnisvaraturust suure osa. Suure valiku kinnisvaraarendusi leiad Uus Maa Kinnisvarab\u00fcroo veebilehelt.\" \/>\n<meta name=\"robots\" content=\"index, follow, max-snippet:-1, max-image-preview:large, max-video-preview:-1\" \/>\n<link rel=\"canonical\" href=\"https:\/\/uusmaa.ee\/ru\/arendused\/\" \/>\n<meta property=\"og:locale\" content=\"ru_RU\" \/>\n<meta property=\"og:type\" content=\"article\" \/>\n<meta property=\"og:title\" content=\"\u041d\u043e\u0432\u043e\u0441\u0442\u0440\u043e\u0439\u043a\u0438 Eesti Kinnisvaraturul&#8211; Uus Maa Kinnisvarab&uuml;roo\" \/>\n<meta property=\"og:description\" content=\"Uusarendused moodustavad Eesti kinnisvaraturust suure osa. Suure valiku kinnisvaraarendusi leiad Uus Maa Kinnisvarab\u00fcroo veebilehelt.\" \/>\n<meta property=\"og:url\" content=\"https:\/\/uusmaa.ee\/ru\/arendused\/\" \/>\n<meta property=\"og:site_name\" content=\"Uus Maa Kinnisvarab&uuml;roo\" \/>\n<meta property=\"article:publisher\" content=\"https:\/\/www.facebook.com\/uusmaakinnisvarabyroo\" \/>\n<meta property=\"article:modified_time\" content=\"2019-04-02T07:35:21+00:00\" \/>\n<meta name=\"twitter:card\" content=\"summary_large_image\" \/>\n<meta name=\"twitter:label1\" content=\"\u041f\u0440\u0438\u043c\u0435\u0440\u043d\u043e\u0435 \u0432\u0440\u0435\u043c\u044f \u0434\u043b\u044f \u0447\u0442\u0435\u043d\u0438\u044f\" \/>\n\t<meta name=\"twitter:data1\" content=\"1 \u043c\u0438\u043d\u0443\u0442\u0430\" \/>\n<!-- \/ Yoast SEO plugin. -->","yoast_head_json":{"title":"\u041d\u043e\u0432\u043e\u0441\u0442\u0440\u043e\u0439\u043a\u0438 Eesti Kinnisvaraturul&#8211; Uus Maa Kinnisvarab&uuml;roo","description":"Uusarendused moodustavad Eesti kinnisvaraturust suure osa. Suure valiku kinnisvaraarendusi leiad Uus Maa Kinnisvarab\u00fcroo veebilehelt.","robots":{"index":"index","follow":"follow","max-snippet":"max-snippet:-1","max-image-preview":"max-image-preview:large","max-video-preview":"max-video-preview:-1"},"canonical":"https:\/\/uusmaa.ee\/ru\/arendused\/","og_locale":"ru_RU","og_type":"article","og_title":"\u041d\u043e\u0432\u043e\u0441\u0442\u0440\u043e\u0439\u043a\u0438 Eesti Kinnisvaraturul&#8211; Uus Maa Kinnisvarab&uuml;roo","og_description":"Uusarendused moodustavad Eesti kinnisvaraturust suure osa. Suure valiku kinnisvaraarendusi leiad Uus Maa Kinnisvarab\u00fcroo veebilehelt.","og_url":"https:\/\/uusmaa.ee\/ru\/arendused\/","og_site_name":"Uus Maa Kinnisvarab&uuml;roo","article_publisher":"https:\/\/www.facebook.com\/uusmaakinnisvarabyroo","article_modified_time":"2019-04-02T07:35:21+00:00","twitter_card":"summary_large_image","twitter_misc":{"\u041f\u0440\u0438\u043c\u0435\u0440\u043d\u043e\u0435 \u0432\u0440\u0435\u043c\u044f \u0434\u043b\u044f \u0447\u0442\u0435\u043d\u0438\u044f":"1 \u043c\u0438\u043d\u0443\u0442\u0430"},"schema":{"@context":"https:\/\/schema.org","@graph":[{"@type":"WebPage","@id":"https:\/\/uusmaa.ee\/ru\/arendused\/","url":"https:\/\/uusmaa.ee\/ru\/arendused\/","name":"\u041d\u043e\u0432\u043e\u0441\u0442\u0440\u043e\u0439\u043a\u0438 Eesti Kinnisvaraturul&#8211; Uus Maa Kinnisvarab&uuml;roo","isPartOf":{"@id":"https:\/\/uusmaa.ee\/ru\/#website"},"datePublished":"2018-05-29T12:12:01+00:00","dateModified":"2019-04-02T07:35:21+00:00","description":"Uusarendused moodustavad Eesti kinnisvaraturust suure osa. Suure valiku kinnisvaraarendusi leiad Uus Maa Kinnisvarab\u00fcroo veebilehelt.","breadcrumb":{"@id":"https:\/\/uusmaa.ee\/ru\/arendused\/#breadcrumb"},"inLanguage":"ru-RU","potentialAction":[{"@type":"ReadAction","target":["https:\/\/uusmaa.ee\/ru\/arendused\/"]}]},{"@type":"BreadcrumbList","@id":"https:\/\/uusmaa.ee\/ru\/arendused\/#breadcrumb","itemListElement":[{"@type":"ListItem","position":1,"name":"Uus Maa kinnisvarab\u00fcroo","item":"https:\/\/uusmaa.ee\/ru\/"},{"@type":"ListItem","position":2,"name":"\u041d\u043e\u0432\u043e\u0441\u0442\u0440\u043e\u0439\u043a\u0438"}]},{"@type":"WebSite","@id":"https:\/\/uusmaa.ee\/ru\/#website","url":"https:\/\/uusmaa.ee\/ru\/","name":"Uus Maa Kinnisvarab\u00fcroo","description":"Turuliider Uus Maa Kinnisvarab&uuml;roo &ndash; 30 aastat rahulolevaid kliente","publisher":{"@id":"https:\/\/uusmaa.ee\/ru\/#organization"},"potentialAction":[{"@type":"SearchAction","target":{"@type":"EntryPoint","urlTemplate":"https:\/\/uusmaa.ee\/ru\/?s={search_term_string}"},"query-input":{"@type":"PropertyValueSpecification","valueRequired":true,"valueName":"search_term_string"}}],"inLanguage":"ru-RU"},{"@type":"Organization","@id":"https:\/\/uusmaa.ee\/ru\/#organization","name":"Uus Maa","url":"https:\/\/uusmaa.ee\/ru\/","logo":{"@type":"ImageObject","inLanguage":"ru-RU","@id":"https:\/\/uusmaa.ee\/ru\/#\/schema\/logo\/image\/","url":"https:\/\/uusmaa.ee\/wp-content\/uploads\/2024\/05\/UM_base_logo_color_215x33px.svg","contentUrl":"https:\/\/uusmaa.ee\/wp-content\/uploads\/2024\/05\/UM_base_logo_color_215x33px.svg","width":215,"height":33,"caption":"Uus Maa"},"image":{"@id":"https:\/\/uusmaa.ee\/ru\/#\/schema\/logo\/image\/"},"sameAs":["https:\/\/www.facebook.com\/uusmaakinnisvarabyroo","https:\/\/www.linkedin.com\/company\/uus-maa-kinnisvarab-roo","https:\/\/www.youtube.com\/user\/uusmaa20"]}]}},"_links":{"self":[{"href":"https:\/\/uusmaa.ee\/ru\/wp-json\/wp\/v2\/pages\/1118597","targetHints":{"allow":["GET"]}}],"collection":[{"href":"https:\/\/uusmaa.ee\/ru\/wp-json\/wp\/v2\/pages"}],"about":[{"href":"https:\/\/uusmaa.ee\/ru\/wp-json\/wp\/v2\/types\/page"}],"author":[{"embeddable":true,"href":"https:\/\/uusmaa.ee\/ru\/wp-json\/wp\/v2\/users\/21"}],"replies":[{"embeddable":true,"href":"https:\/\/uusmaa.ee\/ru\/wp-json\/wp\/v2\/comments?post=1118597"}],"version-history":[{"count":0,"href":"https:\/\/uusmaa.ee\/ru\/wp-json\/wp\/v2\/pages\/1118597\/revisions"}],"wp:attachment":[{"href":"https:\/\/uusmaa.ee\/ru\/wp-json\/wp\/v2\/media?parent=1118597"}],"curies":[{"name":"wp","href":"https:\/\/api.w.org\/{rel}","templated":true}]}}