{"id":1118590,"date":"2018-05-29T15:11:32","date_gmt":"2018-05-29T12:11:32","guid":{"rendered":"https:\/\/uusmaa.ee\/aripinnad\/"},"modified":"2019-04-02T10:29:59","modified_gmt":"2019-04-02T07:29:59","slug":"aripinnad","status":"publish","type":"page","link":"https:\/\/uusmaa.ee\/ru\/aripinnad\/","title":{"rendered":"\u041a\u043e\u043c\u043c\u0435\u0440\u0447\u0435\u0441\u043a\u0438\u0435 \u043f\u043b\u043e\u0449\u0430\u0434\u0438"},"content":{"rendered":"\r\n<p><strong>Tabasalu s\u00fcdames on pakkuda ilus ja uus ridaelamuboks!<\/strong><\/p>\r\n\r\n\r\n\r\n<p>P\u00e4hkli kodu on kolmest ridaelamust koosnev terviklik ja h\u00e4sti l\u00e4bim\u00f5eldud kompleks. Nende keskele tekib sisehoov kus asub ka m\u00e4nguv\u00e4ljak. Kodu l\u00e4heduses on mitmed restoranid, spordikompleks koos ujulaga ja kaunis Tabasalu looduspark, kus saab perega v\u00e4rskes \u00f5hus vaba aega veeta. Kool ja mitmed lasteaiad on samuti l\u00e4histel.<\/p>\r\n\r\n\r\n\r\n<p>Ridaelamuboks on valmis sissekolimiseks! K\u00f6\u00f6gis on k\u00f5ik vajalik tehnika mugavaks kasutamiseks. Planeering on h\u00e4sti l\u00e4bim\u00f5eldud, esimesel korrusel avatud k\u00f6\u00f6k koos elutoaga, esik ja panipaik. Teisel korrusel on trepihall koos katuseaknaga, mis annab kodule juurde palju p\u00e4evavalgust. Kolm magamistuba, millest \u00fchel on ka suur garderoob. Vannituba koos v\u00e4ikese panipaigaga on samuti teisel korrusel. Sanitaarruumides on kasutatud kvaliteetseid tootjaid nagu Duravit, Hansgrohe, Teke ja Kerasan. Esimese korruse elutoast p\u00e4\u00e4seb ka suurele terrassile, kus saab suvhommikutel kohvi nautida ning \u00f5htuti s\u00f5pradega m\u00f5nusalt aega veeta.<\/p>\r\n\r\n\r\n\r\n<p>Kodu k\u00f5rvalkulusid aitab madalal hoida passivmaja sertifikaadiga soojustagastusega ventilatsiooni s\u00fcsteem. Hoonel on kolmekordse klaaspakettiga puitalumiinium aknad. Hoonele on antud B energiaklassi m\u00e4rgis. K\u00fctte allikas on kaugk\u00fcte ning s\u00fcsteemiks on m\u00f5lemal korrusel vesip\u00f5randak\u00fcte.<\/p>\r\n\r\n\r\n\r\n<p>V\u00e4lisseinad ja bokside vaheseinad on betooniga t\u00e4idetud \u00f5\u00f5nesbetoon blokkidest. Vahelaed on raudbetoonist. Fassaadil on kasutatud ilmastikukindlat ja hooldusvaba tsementkiud fassadiplaate koos spooniga kaetud plaatidega. Katusel on PVC katusekate koos 300mm soojustusega.<\/p>\r\n\r\n\r\n\r\n<p>Tulge kindlasti tutvuma, sellest v\u00f5ib saada Teie uus kodu!<\/p>\r\n","protected":false},"excerpt":{"rendered":"<p>Tabasalu s\u00fcdames on pakkuda ilus ja uus ridaelamuboks! P\u00e4hkli kodu on kolmest ridaelamust koosnev terviklik ja h\u00e4sti l\u00e4bim\u00f5eldud kompleks. Nende keskele tekib sisehoov kus asub ka m\u00e4nguv\u00e4ljak. Kodu l\u00e4heduses on mitmed restoranid, spordikompleks koos ujulaga ja kaunis Tabasalu looduspark, kus saab perega v\u00e4rskes \u00f5hus vaba aega veeta. Kool ja mitmed lasteaiad on samuti l\u00e4histel. Ridaelamuboks &hellip;<\/p>\n","protected":false},"author":21,"featured_media":0,"parent":0,"menu_order":244,"comment_status":"closed","ping_status":"closed","template":"template-pakkumised.php","meta":{"_acf_changed":false,"footnotes":""},"class_list":["post-1118590","page","type-page","status-publish","hentry"],"acf":[],"yoast_head":"<!-- This site is optimized with the Yoast SEO plugin v27.3 - https:\/\/yoast.com\/product\/yoast-seo-wordpress\/ -->\n<title>\u041a\u043e\u043c\u043c\u0435\u0440\u0447\u0435\u0441\u043a\u0438\u0435 \u043f\u043b\u043e\u0449\u0430\u0434\u0438 &#8211; Uus Maa Kinnisvarab&uuml;roo<\/title>\n<meta name=\"description\" content=\"\u00c4ripinnad - suurim valik \u00e4rikinnisvara Eestis! Pikaaegne koost\u00f6\u00f6 Eesti suurimate \u00e4rikinnisvara arendajatega. Kogemused aastast 1992.\" \/>\n<meta name=\"robots\" content=\"index, follow, max-snippet:-1, max-image-preview:large, max-video-preview:-1\" \/>\n<link rel=\"canonical\" href=\"https:\/\/uusmaa.ee\/ru\/aripinnad\/\" \/>\n<meta property=\"og:locale\" content=\"ru_RU\" \/>\n<meta property=\"og:type\" content=\"article\" \/>\n<meta property=\"og:title\" content=\"\u041a\u043e\u043c\u043c\u0435\u0440\u0447\u0435\u0441\u043a\u0438\u0435 \u043f\u043b\u043e\u0449\u0430\u0434\u0438 &#8211; Uus Maa Kinnisvarab&uuml;roo\" \/>\n<meta property=\"og:description\" content=\"\u00c4ripinnad - suurim valik \u00e4rikinnisvara Eestis! Pikaaegne koost\u00f6\u00f6 Eesti suurimate \u00e4rikinnisvara arendajatega. Kogemused aastast 1992.\" \/>\n<meta property=\"og:url\" content=\"https:\/\/uusmaa.ee\/ru\/aripinnad\/\" \/>\n<meta property=\"og:site_name\" content=\"Uus Maa Kinnisvarab&uuml;roo\" \/>\n<meta property=\"article:publisher\" content=\"https:\/\/www.facebook.com\/uusmaakinnisvarabyroo\" \/>\n<meta property=\"article:modified_time\" content=\"2019-04-02T07:29:59+00:00\" \/>\n<meta name=\"twitter:card\" content=\"summary_large_image\" \/>\n<meta name=\"twitter:label1\" content=\"\u041f\u0440\u0438\u043c\u0435\u0440\u043d\u043e\u0435 \u0432\u0440\u0435\u043c\u044f \u0434\u043b\u044f \u0447\u0442\u0435\u043d\u0438\u044f\" \/>\n\t<meta name=\"twitter:data1\" content=\"1 \u043c\u0438\u043d\u0443\u0442\u0430\" \/>\n<!-- \/ Yoast SEO plugin. -->","yoast_head_json":{"title":"\u041a\u043e\u043c\u043c\u0435\u0440\u0447\u0435\u0441\u043a\u0438\u0435 \u043f\u043b\u043e\u0449\u0430\u0434\u0438 &#8211; Uus Maa Kinnisvarab&uuml;roo","description":"\u00c4ripinnad - suurim valik \u00e4rikinnisvara Eestis! Pikaaegne koost\u00f6\u00f6 Eesti suurimate \u00e4rikinnisvara arendajatega. Kogemused aastast 1992.","robots":{"index":"index","follow":"follow","max-snippet":"max-snippet:-1","max-image-preview":"max-image-preview:large","max-video-preview":"max-video-preview:-1"},"canonical":"https:\/\/uusmaa.ee\/ru\/aripinnad\/","og_locale":"ru_RU","og_type":"article","og_title":"\u041a\u043e\u043c\u043c\u0435\u0440\u0447\u0435\u0441\u043a\u0438\u0435 \u043f\u043b\u043e\u0449\u0430\u0434\u0438 &#8211; Uus Maa Kinnisvarab&uuml;roo","og_description":"\u00c4ripinnad - suurim valik \u00e4rikinnisvara Eestis! Pikaaegne koost\u00f6\u00f6 Eesti suurimate \u00e4rikinnisvara arendajatega. Kogemused aastast 1992.","og_url":"https:\/\/uusmaa.ee\/ru\/aripinnad\/","og_site_name":"Uus Maa Kinnisvarab&uuml;roo","article_publisher":"https:\/\/www.facebook.com\/uusmaakinnisvarabyroo","article_modified_time":"2019-04-02T07:29:59+00:00","twitter_card":"summary_large_image","twitter_misc":{"\u041f\u0440\u0438\u043c\u0435\u0440\u043d\u043e\u0435 \u0432\u0440\u0435\u043c\u044f \u0434\u043b\u044f \u0447\u0442\u0435\u043d\u0438\u044f":"1 \u043c\u0438\u043d\u0443\u0442\u0430"},"schema":{"@context":"https:\/\/schema.org","@graph":[{"@type":"WebPage","@id":"https:\/\/uusmaa.ee\/ru\/aripinnad\/","url":"https:\/\/uusmaa.ee\/ru\/aripinnad\/","name":"\u041a\u043e\u043c\u043c\u0435\u0440\u0447\u0435\u0441\u043a\u0438\u0435 \u043f\u043b\u043e\u0449\u0430\u0434\u0438 &#8211; Uus Maa Kinnisvarab&uuml;roo","isPartOf":{"@id":"https:\/\/uusmaa.ee\/ru\/#website"},"datePublished":"2018-05-29T12:11:32+00:00","dateModified":"2019-04-02T07:29:59+00:00","description":"\u00c4ripinnad - suurim valik \u00e4rikinnisvara Eestis! Pikaaegne koost\u00f6\u00f6 Eesti suurimate \u00e4rikinnisvara arendajatega. Kogemused aastast 1992.","breadcrumb":{"@id":"https:\/\/uusmaa.ee\/ru\/aripinnad\/#breadcrumb"},"inLanguage":"ru-RU","potentialAction":[{"@type":"ReadAction","target":["https:\/\/uusmaa.ee\/ru\/aripinnad\/"]}]},{"@type":"BreadcrumbList","@id":"https:\/\/uusmaa.ee\/ru\/aripinnad\/#breadcrumb","itemListElement":[{"@type":"ListItem","position":1,"name":"Uus Maa kinnisvarab\u00fcroo","item":"https:\/\/uusmaa.ee\/ru\/"},{"@type":"ListItem","position":2,"name":"\u041a\u043e\u043c\u043c\u0435\u0440\u0447\u0435\u0441\u043a\u0438\u0435 \u043f\u043b\u043e\u0449\u0430\u0434\u0438"}]},{"@type":"WebSite","@id":"https:\/\/uusmaa.ee\/ru\/#website","url":"https:\/\/uusmaa.ee\/ru\/","name":"Uus Maa Kinnisvarab\u00fcroo","description":"Turuliider Uus Maa Kinnisvarab&uuml;roo &ndash; 30 aastat rahulolevaid kliente","publisher":{"@id":"https:\/\/uusmaa.ee\/ru\/#organization"},"potentialAction":[{"@type":"SearchAction","target":{"@type":"EntryPoint","urlTemplate":"https:\/\/uusmaa.ee\/ru\/?s={search_term_string}"},"query-input":{"@type":"PropertyValueSpecification","valueRequired":true,"valueName":"search_term_string"}}],"inLanguage":"ru-RU"},{"@type":"Organization","@id":"https:\/\/uusmaa.ee\/ru\/#organization","name":"Uus Maa","url":"https:\/\/uusmaa.ee\/ru\/","logo":{"@type":"ImageObject","inLanguage":"ru-RU","@id":"https:\/\/uusmaa.ee\/ru\/#\/schema\/logo\/image\/","url":"https:\/\/uusmaa.ee\/wp-content\/uploads\/2024\/05\/UM_base_logo_color_215x33px.svg","contentUrl":"https:\/\/uusmaa.ee\/wp-content\/uploads\/2024\/05\/UM_base_logo_color_215x33px.svg","width":215,"height":33,"caption":"Uus Maa"},"image":{"@id":"https:\/\/uusmaa.ee\/ru\/#\/schema\/logo\/image\/"},"sameAs":["https:\/\/www.facebook.com\/uusmaakinnisvarabyroo","https:\/\/www.linkedin.com\/company\/uus-maa-kinnisvarab-roo","https:\/\/www.youtube.com\/user\/uusmaa20"]}]}},"_links":{"self":[{"href":"https:\/\/uusmaa.ee\/ru\/wp-json\/wp\/v2\/pages\/1118590","targetHints":{"allow":["GET"]}}],"collection":[{"href":"https:\/\/uusmaa.ee\/ru\/wp-json\/wp\/v2\/pages"}],"about":[{"href":"https:\/\/uusmaa.ee\/ru\/wp-json\/wp\/v2\/types\/page"}],"author":[{"embeddable":true,"href":"https:\/\/uusmaa.ee\/ru\/wp-json\/wp\/v2\/users\/21"}],"replies":[{"embeddable":true,"href":"https:\/\/uusmaa.ee\/ru\/wp-json\/wp\/v2\/comments?post=1118590"}],"version-history":[{"count":0,"href":"https:\/\/uusmaa.ee\/ru\/wp-json\/wp\/v2\/pages\/1118590\/revisions"}],"wp:attachment":[{"href":"https:\/\/uusmaa.ee\/ru\/wp-json\/wp\/v2\/media?parent=1118590"}],"curies":[{"name":"wp","href":"https:\/\/api.w.org\/{rel}","templated":true}]}}