{"id":1118564,"date":"2018-05-29T15:11:56","date_gmt":"2018-05-29T12:11:56","guid":{"rendered":"https:\/\/uusmaa.ee\/investeerimine\/"},"modified":"2020-12-14T13:52:49","modified_gmt":"2020-12-14T11:52:49","slug":"investeerimine","status":"publish","type":"page","link":"https:\/\/uusmaa.ee\/ru\/investeerimine\/","title":{"rendered":"\u0418\u043d\u0432\u0435\u0441\u0442\u0438\u0440\u043e\u0432\u0430\u043d\u0438\u0435"},"content":{"rendered":"<p><strong>\u041d\u0430\u0448\u0438 \u043a\u043e\u043d\u0441\u0443\u043b\u044c\u0442\u0430\u043d\u0442\u044b, \u043e\u0431\u043b\u0430\u0434\u0430\u044e\u0449\u0438\u0435 \u043c\u043d\u043e\u0433\u043e\u043b\u0435\u0442\u043d\u0438\u043c \u043e\u043f\u044b\u0442\u043e\u043c \u0440\u0430\u0431\u043e\u0442\u044b, \u043f\u043e\u043c\u043e\u0433\u0443\u0442 \u0432\u0430\u043c \u0441 \u043a\u0440\u0443\u043f\u043d\u044b\u043c\u0438 \u0438 \u043d\u0435\u0431\u043e\u043b\u044c\u0448\u0438\u043c\u0438 \u0438\u043d\u0432\u0435\u0441\u0442\u0438\u0446\u0438\u043e\u043d\u043d\u044b\u043c\u0438 \u043f\u0440\u043e\u0435\u043a\u0442\u0430\u043c\u0438 \u2014 \u043e\u0442 \u0441\u0442\u0440\u0430\u0442\u0435\u0433\u0438\u0447\u0435\u0441\u043a\u043e\u0433\u043e \u043f\u043b\u0430\u043d\u0438\u0440\u043e\u0432\u0430\u043d\u0438\u044f \u0438\u0434\u0435\u0438 \u0434\u043e \u043f\u043e\u043b\u0443\u0447\u0435\u043d\u0438\u044f \u043d\u0430\u0438\u0431\u043e\u043b\u0435\u0435 \u043f\u0440\u0438\u0431\u044b\u043b\u044c\u043d\u043e\u0433\u043e \u043a\u043e\u043d\u0435\u0447\u043d\u043e\u0433\u043e \u0440\u0435\u0437\u0443\u043b\u044c\u0442\u0430\u0442\u0430. \u042d\u0442\u043e \u043c\u043e\u0436\u0435\u0442 \u0431\u044b\u0442\u044c \u043a\u043e\u043c\u043c\u0435\u0440\u0447\u0435\u0441\u043a\u0430\u044f \u043d\u0435\u0434\u0432\u0438\u0436\u0438\u043c\u043e\u0441\u0442\u044c, \u043f\u0440\u0438\u043d\u043e\u0441\u044f\u0449\u0430\u044f \u0434\u043e\u0445\u043e\u0434, \u0430 \u0442\u0430\u043a\u0436\u0435 \u0443\u0441\u043f\u0435\u0448\u043d\u043e \u043f\u0440\u043e\u0434\u0430\u043d\u043d\u0430\u044f \u0437\u0435\u043c\u043b\u044f \u0438\u043b\u0438 \u0437\u0434\u0430\u043d\u0438\u044f. \u041f\u0440\u0438 \u043a\u0430\u0436\u0434\u043e\u043c \u043e\u0431\u0440\u0430\u0449\u0435\u043d\u0438\u0438 \u043c\u044b \u0432\u0441\u0435\u0433\u0434\u0430 \u0440\u0443\u043a\u043e\u0432\u043e\u0434\u0441\u0442\u0432\u0443\u0435\u043c\u0441\u044f \u0432\u0430\u0448\u0438\u043c\u0438 \u0438\u043d\u0434\u0438\u0432\u0438\u0434\u0443\u0430\u043b\u044c\u043d\u044b\u043c\u0438 \u043f\u043e\u0436\u0435\u043b\u0430\u043d\u0438\u044f\u043c\u0438, \u043f\u0435\u0440\u0432\u0430\u044f \u043a\u043e\u043d\u0441\u0443\u043b\u044c\u0442\u0430\u0446\u0438\u044f \u043f\u0440\u043e\u0432\u043e\u0434\u0438\u0442\u0441\u044f \u0431\u0435\u0441\u043f\u043b\u0430\u0442\u043d\u043e.<\/strong><\/p>\n<p>\u042f\u0432\u043b\u044f\u044f\u0441\u044c \u0432\u0435\u0434\u0443\u0449\u0438\u043c \u0430\u0433\u0435\u043d\u0442\u0441\u0442\u0432\u043e\u043c \u043d\u0435\u0434\u0432\u0438\u0436\u0438\u043c\u043e\u0441\u0442\u0438 \u0432 \u042d\u0441\u0442\u043e\u043d\u0438\u0438 \u043d\u0430 \u043f\u0440\u043e\u0442\u044f\u0436\u0435\u043d\u0438\u0438 \u0434\u0435\u0441\u044f\u0442\u0438\u043b\u0435\u0442\u0438\u0439, \u043c\u044b \u0440\u0430\u0441\u043f\u043e\u043b\u0430\u0433\u0430\u0435\u043c \u0441\u0430\u043c\u044b\u043c \u0430\u043a\u0442\u0443\u0430\u043b\u044c\u043d\u044b\u043c \u0438 \u043f\u043e\u0434\u0440\u043e\u0431\u043d\u044b\u043c \u043e\u0431\u0437\u043e\u0440\u043e\u043c \u0440\u044b\u043d\u043a\u0430 \u0438 \u043e\u0431\u0448\u0438\u0440\u043d\u043e\u0439 \u0441\u0435\u0442\u044c\u044e \u043a\u043e\u043d\u0442\u0430\u043a\u0442\u043e\u0432. \u041c\u044b \u0441\u0447\u0438\u0442\u0430\u0435\u043c, \u0447\u0442\u043e \u043d\u0430\u0448 \u0442\u0449\u0430\u0442\u0435\u043b\u044c\u043d\u044b\u0439 \u0438 \u0430\u043a\u0442\u0438\u0432\u043d\u044b\u0439 \u043f\u043e\u0434\u0445\u043e\u0434, \u0438\u043d\u0442\u0435\u0433\u0440\u0438\u0440\u043e\u0432\u0430\u043d\u043d\u044b\u0435 \u0443\u0441\u043b\u0443\u0433\u0438 \u0438 \u0431\u0435\u0441\u043f\u0435\u0440\u0435\u0431\u043e\u0439\u043d\u0430\u044f \u0440\u0430\u0431\u043e\u0442\u0430 \u044f\u0432\u043b\u044f\u044e\u0442\u0441\u044f \u043a\u0440\u0430\u0435\u0443\u0433\u043e\u043b\u044c\u043d\u044b\u043c \u043a\u0430\u043c\u043d\u0435\u043c \u043d\u0430\u0448\u0438\u0445 \u0445\u043e\u0440\u043e\u0448\u0438\u0445 \u0440\u0435\u0437\u0443\u043b\u044c\u0442\u0430\u0442\u043e\u0432 \u0438 \u043e\u0441\u043d\u043e\u0432\u043e\u0439 \u043d\u0430\u0434\u0435\u0436\u043d\u044b\u0445 \u0438 \u0434\u043e\u043b\u0433\u043e\u0441\u0440\u043e\u0447\u043d\u044b\u0445 \u043e\u0442\u043d\u043e\u0448\u0435\u043d\u0438\u0439 \u0441 \u043d\u0430\u0448\u0438\u043c\u0438 \u043a\u043b\u0438\u0435\u043d\u0442\u0430\u043c\u0438.<\/p>\n<p>\u0415\u0441\u043b\u0438 \u043f\u043e\u0441\u043b\u0435 \u043f\u0435\u0440\u0432\u043e\u0439 \u0432\u0441\u0442\u0440\u0435\u0447\u0438 \u043c\u044b \u0440\u0435\u0448\u0438\u043b\u0438 \u043d\u0430\u0447\u0430\u0442\u044c \u0441\u043e\u0442\u0440\u0443\u0434\u043d\u0438\u0447\u0435\u0441\u0442\u0432\u043e, \u0442\u043e \u043c\u044b \u0440\u0430\u0437\u0440\u0430\u0431\u043e\u0442\u0430\u0435\u043c \u043d\u0430\u0438\u0431\u043e\u043b\u0435\u0435 \u043f\u043e\u0434\u0445\u043e\u0434\u044f\u0449\u0438\u0435 \u0434\u043b\u044f \u0432\u0430\u0441 \u0438\u043d\u0432\u0435\u0441\u0442\u0438\u0446\u0438\u043e\u043d\u043d\u044b\u0435 \u0440\u0435\u0448\u0435\u043d\u0438\u044f \u0441 \u0441\u0430\u043c\u043e\u0439 \u043a\u0440\u0443\u043f\u043d\u043e\u0439 \u043f\u043e\u0442\u0435\u043d\u0446\u0438\u0430\u043b\u044c\u043d\u043e\u0439 \u0434\u043e\u0445\u043e\u0434\u043d\u043e\u0441\u0442\u044c\u044e. \u041d\u0430 \u0432\u0441\u0435\u0445 \u044d\u0442\u0430\u043f\u0430\u0445 \u0441\u043e\u0442\u0440\u0443\u0434\u043d\u0438\u0447\u0435\u0441\u0442\u0432\u0430 \u043c\u044b \u043f\u0440\u0438\u0432\u043b\u0435\u043a\u0430\u0435\u043c \u0441\u043f\u0435\u0446\u0438\u0430\u043b\u0438\u0441\u0442\u043e\u0432 \u0441\u0432\u043e\u0435\u0433\u043e \u0434\u0435\u043b\u0430, \u043d\u0430\u0447\u0438\u043d\u0430\u044f \u043e\u0442 \u043a\u043e\u043d\u0441\u0443\u043b\u044c\u0442\u0430\u043d\u0442\u043e\u0432 \u0438 \u043e\u0446\u0435\u043d\u0449\u0438\u043a\u043e\u0432 \u0438 \u0437\u0430\u043a\u0430\u043d\u0447\u0438\u0432\u0430\u044f \u0430\u043d\u0430\u043b\u0438\u0442\u0438\u043a\u0430\u043c\u0438 \u0438 \u043c\u0430\u043a\u043b\u0435\u0440\u0430\u043c\u0438. \u041d\u0430\u0448\u0430 \u0441\u0435\u0442\u044c \u043f\u0440\u043e\u0444\u0435\u0441\u0441\u0438\u043e\u043d\u0430\u043b\u044c\u043d\u044b\u0445 \u043c\u0430\u043a\u043b\u0435\u0440\u043e\u0432 \u0432\u043a\u043b\u044e\u0447\u0430\u0435\u0442 \u043f\u043e\u0447\u0442\u0438 200 \u043c\u0430\u043a\u043b\u0435\u0440\u043e\u0432 \u043f\u043e \u0432\u0441\u0435\u0439 \u042d\u0441\u0442\u043e\u043d\u0438\u0438, \u0431\u043b\u0430\u0433\u043e\u0434\u0430\u0440\u044f \u0447\u0435\u043c\u0443 \u043c\u044b \u0434\u043e\u0441\u043a\u043e\u043d\u0430\u043b\u044c\u043d\u043e \u043e\u0441\u0432\u0435\u0434\u043e\u043c\u043b\u0435\u043d\u044b \u043a\u0430\u043a \u043e \u0442\u0435\u043a\u0443\u0449\u0435\u0439 \u0440\u044b\u043d\u043e\u0447\u043d\u043e\u0439 \u0441\u0438\u0442\u0443\u0430\u0446\u0438\u0438, \u0442\u0430\u043a \u0438 \u043e \u043d\u043e\u0432\u044b\u0445 \u0442\u0435\u043d\u0434\u0435\u043d\u0446\u0438\u044f\u0445, \u0438 \u043c\u043e\u0436\u0435\u043c \u043e\u0431\u0435\u0441\u043f\u0435\u0447\u0438\u0442\u044c \u043d\u0430\u0434\u0435\u0436\u043d\u044b\u0435 \u043f\u0440\u043e\u0433\u043d\u043e\u0437\u044b \u0434\u043b\u044f \u044d\u0444\u0444\u0435\u043a\u0442\u0438\u0432\u043d\u044b\u0445 \u0438\u043d\u0432\u0435\u0441\u0442\u0438\u0446\u0438\u0439. \u041f\u0440\u0438 \u0436\u0435\u043b\u0430\u043d\u0438\u0438 \u043c\u044b \u043f\u043e\u043c\u043e\u0436\u0435\u043c \u0432\u0430\u043c \u043d\u0430\u0439\u0442\u0438 \u0434\u043e\u043f\u043e\u043b\u043d\u0438\u0442\u0435\u043b\u044c\u043d\u044b\u0435 \u0432\u043e\u0437\u043c\u043e\u0436\u043d\u043e\u0441\u0442\u0438 \u0444\u0438\u043d\u0430\u043d\u0441\u0438\u0440\u043e\u0432\u0430\u043d\u0438\u044f \u0438 \u043f\u0440\u043e\u043a\u043e\u043d\u0441\u0443\u043b\u044c\u0442\u0438\u0440\u0443\u0435\u043c \u0432\u0430\u0441 \u043f\u043e\u0441\u043b\u0435 \u0441\u0434\u0435\u043b\u043a\u0438.<\/p>\n<p>\u0421\u0432\u044f\u0436\u0438\u0442\u0435\u0441\u044c \u0441 \u043d\u0430\u0448\u0438\u043c\u0438 \u043a\u043e\u043d\u0441\u0443\u043b\u044c\u0442\u0430\u043d\u0442\u0430\u043c\u0438, \u0447\u0442\u043e\u0431\u044b \u0437\u0430\u0431\u0440\u043e\u043d\u0438\u0440\u043e\u0432\u0430\u0442\u044c \u043f\u0435\u0440\u0432\u0443\u044e \u0432\u0441\u0442\u0440\u0435\u0447\u0443:<br \/>\n<strong>Danel Talpsepp<br \/>\n<\/strong>B\u0435\u0434\u0443\u0449\u0438\u0439 \u043a\u043e\u043d\u0441\u0443\u043b\u044c\u0442\u0430\u043d\u0442 \u043f\u043e \u0438\u043d\u0432\u0435\u0441\u0442\u0438\u0446\u0438\u044f\u043c \u043a\u043e\u043c\u043c\u0435\u0440\u0447\u0435\u0441\u043a\u043e\u0439 \u043d\u0435\u0434\u0432\u0438\u0436\u0438\u043c\u043e\u0441\u0442\u0438<br \/>\n&#68;&#x61;&#110;&#x65;&#108;&#x2e;T&#x61;l&#x70;s&#101;&#x70;&#112;&#x40;&#117;&#x75;&#115;&#x6d;a&#x61;&#46;&#x65;e<br \/>\n+372 56 667 437<\/p>\n<p><strong>Kristjan Ploompuu<br \/>\n<\/strong>\u0427\u043b\u0435\u043d \u041f\u0440\u0430\u0432\u043b\u0435\u043d\u0438\u044f \u043a\u043e\u043c\u043c\u0435\u0440\u0447\u0435\u0441\u043a\u043e\u0439 \u043d\u0435\u0434\u0432\u0438\u0436\u0438\u043c\u043e\u0441\u0442\u0438<br \/>\nK&#114;&#105;&#115;&#x74;&#x6a;&#x61;n&#46;&#80;&#108;&#x6f;&#x6f;&#x6d;&#x70;uu&#64;&#117;&#x75;&#x73;&#x6d;&#x61;a&#46;&#101;&#101;<br \/>\n+372 5683 2434<\/p>\n<p>\u041d\u0435\u0434\u0430\u0432\u043d\u0438\u0435 \u043f\u0443\u0431\u043b\u0438\u043a\u0430\u0446\u0438\u0438:<br \/>\n<a href=\"http:\/\/www.aripaev.ee\/saated\/2020\/07\/24\/maakler-kinnisvara-kaiakse-vaatamas-aga-ei-osteta\">www.aripaev.ee\/saated\/2020\/07\/24\/maakler-kinnisvara-kaiakse-vaatamas-aga-ei-osteta<\/a><br \/>\n<a href=\"http:\/\/www.aripaev.ee\/raadio\/episood\/tallinna-muuakse-kvartalite-kaupa\">www.aripaev.ee\/raadio\/episood\/tallinna-muuakse-kvartalite-kaupa<\/a><\/p>\n","protected":false},"excerpt":{"rendered":"<p>\u041d\u0430\u0448\u0438 \u043a\u043e\u043d\u0441\u0443\u043b\u044c\u0442\u0430\u043d\u0442\u044b, \u043e\u0431\u043b\u0430\u0434\u0430\u044e\u0449\u0438\u0435 \u043c\u043d\u043e\u0433\u043e\u043b\u0435\u0442\u043d\u0438\u043c \u043e\u043f\u044b\u0442\u043e\u043c \u0440\u0430\u0431\u043e\u0442\u044b, \u043f\u043e\u043c\u043e\u0433\u0443\u0442 \u0432\u0430\u043c \u0441 \u043a\u0440\u0443\u043f\u043d\u044b\u043c\u0438 \u0438 \u043d\u0435\u0431\u043e\u043b\u044c\u0448\u0438\u043c\u0438 \u0438\u043d\u0432\u0435\u0441\u0442\u0438\u0446\u0438\u043e\u043d\u043d\u044b\u043c\u0438 \u043f\u0440\u043e\u0435\u043a\u0442\u0430\u043c\u0438 \u2014 \u043e\u0442 \u0441\u0442\u0440\u0430\u0442\u0435\u0433\u0438\u0447\u0435\u0441\u043a\u043e\u0433\u043e \u043f\u043b\u0430\u043d\u0438\u0440\u043e\u0432\u0430\u043d\u0438\u044f \u0438\u0434\u0435\u0438 \u0434\u043e \u043f\u043e\u043b\u0443\u0447\u0435\u043d\u0438\u044f \u043d\u0430\u0438\u0431\u043e\u043b\u0435\u0435 \u043f\u0440\u0438\u0431\u044b\u043b\u044c\u043d\u043e\u0433\u043e \u043a\u043e\u043d\u0435\u0447\u043d\u043e\u0433\u043e \u0440\u0435\u0437\u0443\u043b\u044c\u0442\u0430\u0442\u0430. \u042d\u0442\u043e \u043c\u043e\u0436\u0435\u0442 \u0431\u044b\u0442\u044c \u043a\u043e\u043c\u043c\u0435\u0440\u0447\u0435\u0441\u043a\u0430\u044f \u043d\u0435\u0434\u0432\u0438\u0436\u0438\u043c\u043e\u0441\u0442\u044c, \u043f\u0440\u0438\u043d\u043e\u0441\u044f\u0449\u0430\u044f \u0434\u043e\u0445\u043e\u0434, \u0430 \u0442\u0430\u043a\u0436\u0435 \u0443\u0441\u043f\u0435\u0448\u043d\u043e \u043f\u0440\u043e\u0434\u0430\u043d\u043d\u0430\u044f \u0437\u0435\u043c\u043b\u044f \u0438\u043b\u0438 \u0437\u0434\u0430\u043d\u0438\u044f. \u041f\u0440\u0438 \u043a\u0430\u0436\u0434\u043e\u043c \u043e\u0431\u0440\u0430\u0449\u0435\u043d\u0438\u0438 \u043c\u044b \u0432\u0441\u0435\u0433\u0434\u0430 \u0440\u0443\u043a\u043e\u0432\u043e\u0434\u0441\u0442\u0432\u0443\u0435\u043c\u0441\u044f \u0432\u0430\u0448\u0438\u043c\u0438 \u0438\u043d\u0434\u0438\u0432\u0438\u0434\u0443\u0430\u043b\u044c\u043d\u044b\u043c\u0438 \u043f\u043e\u0436\u0435\u043b\u0430\u043d\u0438\u044f\u043c\u0438, \u043f\u0435\u0440\u0432\u0430\u044f \u043a\u043e\u043d\u0441\u0443\u043b\u044c\u0442\u0430\u0446\u0438\u044f \u043f\u0440\u043e\u0432\u043e\u0434\u0438\u0442\u0441\u044f \u0431\u0435\u0441\u043f\u043b\u0430\u0442\u043d\u043e. \u042f\u0432\u043b\u044f\u044f\u0441\u044c \u0432\u0435\u0434\u0443\u0449\u0438\u043c \u0430\u0433\u0435\u043d\u0442\u0441\u0442\u0432\u043e\u043c &hellip;<\/p>\n","protected":false},"author":21,"featured_media":0,"parent":0,"menu_order":234,"comment_status":"closed","ping_status":"closed","template":"","meta":{"_acf_changed":false,"footnotes":""},"class_list":["post-1118564","page","type-page","status-publish","hentry"],"acf":[],"yoast_head":"<!-- This site is optimized with the Yoast SEO plugin v27.5 - https:\/\/yoast.com\/product\/yoast-seo-wordpress\/ -->\n<title>\u0418\u043d\u0432\u0435\u0441\u0442\u0438\u0440\u043e\u0432\u0430\u043d\u0438\u0435 Kinnisvarasse &#8211; Uus Maa Kinnisvarab&uuml;roo<\/title>\n<meta name=\"description\" content=\"Mujal maailmas on tavaks, et fondide k\u00f5rval ka \u00fcksikisikud investeerivad kinnisvarasse, ostes \u00fc\u00fcrikortereid passiivse sissetuleku tagamiseks. Loe l\u00e4hemalt.\" \/>\n<meta name=\"robots\" content=\"index, follow, max-snippet:-1, max-image-preview:large, max-video-preview:-1\" \/>\n<link rel=\"canonical\" href=\"https:\/\/uusmaa.ee\/ru\/investeerimine\/\" \/>\n<meta property=\"og:locale\" content=\"ru_RU\" \/>\n<meta property=\"og:type\" content=\"article\" \/>\n<meta property=\"og:title\" content=\"\u0418\u043d\u0432\u0435\u0441\u0442\u0438\u0440\u043e\u0432\u0430\u043d\u0438\u0435 Kinnisvarasse &#8211; Uus Maa Kinnisvarab&uuml;roo\" \/>\n<meta property=\"og:description\" content=\"Mujal maailmas on tavaks, et fondide k\u00f5rval ka \u00fcksikisikud investeerivad kinnisvarasse, ostes \u00fc\u00fcrikortereid passiivse sissetuleku tagamiseks. Loe l\u00e4hemalt.\" \/>\n<meta property=\"og:url\" content=\"https:\/\/uusmaa.ee\/ru\/investeerimine\/\" \/>\n<meta property=\"og:site_name\" content=\"Uus Maa Kinnisvarab&uuml;roo\" \/>\n<meta property=\"article:publisher\" content=\"https:\/\/www.facebook.com\/uusmaakinnisvarabyroo\" \/>\n<meta property=\"article:modified_time\" content=\"2020-12-14T11:52:49+00:00\" \/>\n<meta name=\"twitter:card\" content=\"summary_large_image\" \/>\n<!-- \/ Yoast SEO plugin. -->","yoast_head_json":{"title":"\u0418\u043d\u0432\u0435\u0441\u0442\u0438\u0440\u043e\u0432\u0430\u043d\u0438\u0435 Kinnisvarasse &#8211; Uus Maa Kinnisvarab&uuml;roo","description":"Mujal maailmas on tavaks, et fondide k\u00f5rval ka \u00fcksikisikud investeerivad kinnisvarasse, ostes \u00fc\u00fcrikortereid passiivse sissetuleku tagamiseks. Loe l\u00e4hemalt.","robots":{"index":"index","follow":"follow","max-snippet":"max-snippet:-1","max-image-preview":"max-image-preview:large","max-video-preview":"max-video-preview:-1"},"canonical":"https:\/\/uusmaa.ee\/ru\/investeerimine\/","og_locale":"ru_RU","og_type":"article","og_title":"\u0418\u043d\u0432\u0435\u0441\u0442\u0438\u0440\u043e\u0432\u0430\u043d\u0438\u0435 Kinnisvarasse &#8211; Uus Maa Kinnisvarab&uuml;roo","og_description":"Mujal maailmas on tavaks, et fondide k\u00f5rval ka \u00fcksikisikud investeerivad kinnisvarasse, ostes \u00fc\u00fcrikortereid passiivse sissetuleku tagamiseks. Loe l\u00e4hemalt.","og_url":"https:\/\/uusmaa.ee\/ru\/investeerimine\/","og_site_name":"Uus Maa Kinnisvarab&uuml;roo","article_publisher":"https:\/\/www.facebook.com\/uusmaakinnisvarabyroo","article_modified_time":"2020-12-14T11:52:49+00:00","twitter_card":"summary_large_image","schema":{"@context":"https:\/\/schema.org","@graph":[{"@type":"WebPage","@id":"https:\/\/uusmaa.ee\/ru\/investeerimine\/","url":"https:\/\/uusmaa.ee\/ru\/investeerimine\/","name":"\u0418\u043d\u0432\u0435\u0441\u0442\u0438\u0440\u043e\u0432\u0430\u043d\u0438\u0435 Kinnisvarasse &#8211; Uus Maa Kinnisvarab&uuml;roo","isPartOf":{"@id":"https:\/\/uusmaa.ee\/ru\/#website"},"datePublished":"2018-05-29T12:11:56+00:00","dateModified":"2020-12-14T11:52:49+00:00","description":"Mujal maailmas on tavaks, et fondide k\u00f5rval ka \u00fcksikisikud investeerivad kinnisvarasse, ostes \u00fc\u00fcrikortereid passiivse sissetuleku tagamiseks. Loe l\u00e4hemalt.","breadcrumb":{"@id":"https:\/\/uusmaa.ee\/ru\/investeerimine\/#breadcrumb"},"inLanguage":"ru-RU","potentialAction":[{"@type":"ReadAction","target":["https:\/\/uusmaa.ee\/ru\/investeerimine\/"]}]},{"@type":"BreadcrumbList","@id":"https:\/\/uusmaa.ee\/ru\/investeerimine\/#breadcrumb","itemListElement":[{"@type":"ListItem","position":1,"name":"Uus Maa kinnisvarab\u00fcroo","item":"https:\/\/uusmaa.ee\/ru\/"},{"@type":"ListItem","position":2,"name":"\u0418\u043d\u0432\u0435\u0441\u0442\u0438\u0440\u043e\u0432\u0430\u043d\u0438\u0435"}]},{"@type":"WebSite","@id":"https:\/\/uusmaa.ee\/ru\/#website","url":"https:\/\/uusmaa.ee\/ru\/","name":"Uus Maa Kinnisvarab\u00fcroo","description":"Turuliider Uus Maa Kinnisvarab&uuml;roo &ndash; 30 aastat rahulolevaid kliente","publisher":{"@id":"https:\/\/uusmaa.ee\/ru\/#organization"},"potentialAction":[{"@type":"SearchAction","target":{"@type":"EntryPoint","urlTemplate":"https:\/\/uusmaa.ee\/ru\/?s={search_term_string}"},"query-input":{"@type":"PropertyValueSpecification","valueRequired":true,"valueName":"search_term_string"}}],"inLanguage":"ru-RU"},{"@type":"Organization","@id":"https:\/\/uusmaa.ee\/ru\/#organization","name":"Uus Maa","url":"https:\/\/uusmaa.ee\/ru\/","logo":{"@type":"ImageObject","inLanguage":"ru-RU","@id":"https:\/\/uusmaa.ee\/ru\/#\/schema\/logo\/image\/","url":"https:\/\/uusmaa.ee\/wp-content\/uploads\/2024\/05\/UM_base_logo_color_215x33px.svg","contentUrl":"https:\/\/uusmaa.ee\/wp-content\/uploads\/2024\/05\/UM_base_logo_color_215x33px.svg","width":215,"height":33,"caption":"Uus Maa"},"image":{"@id":"https:\/\/uusmaa.ee\/ru\/#\/schema\/logo\/image\/"},"sameAs":["https:\/\/www.facebook.com\/uusmaakinnisvarabyroo","https:\/\/www.linkedin.com\/company\/uus-maa-kinnisvarab-roo","https:\/\/www.youtube.com\/user\/uusmaa20"]}]}},"_links":{"self":[{"href":"https:\/\/uusmaa.ee\/ru\/wp-json\/wp\/v2\/pages\/1118564","targetHints":{"allow":["GET"]}}],"collection":[{"href":"https:\/\/uusmaa.ee\/ru\/wp-json\/wp\/v2\/pages"}],"about":[{"href":"https:\/\/uusmaa.ee\/ru\/wp-json\/wp\/v2\/types\/page"}],"author":[{"embeddable":true,"href":"https:\/\/uusmaa.ee\/ru\/wp-json\/wp\/v2\/users\/21"}],"replies":[{"embeddable":true,"href":"https:\/\/uusmaa.ee\/ru\/wp-json\/wp\/v2\/comments?post=1118564"}],"version-history":[{"count":0,"href":"https:\/\/uusmaa.ee\/ru\/wp-json\/wp\/v2\/pages\/1118564\/revisions"}],"wp:attachment":[{"href":"https:\/\/uusmaa.ee\/ru\/wp-json\/wp\/v2\/media?parent=1118564"}],"curies":[{"name":"wp","href":"https:\/\/api.w.org\/{rel}","templated":true}]}}