{"id":3372851,"date":"2026-02-03T15:18:36","date_gmt":"2026-02-03T13:18:36","guid":{"rendered":"https:\/\/uusmaa.ee\/kontakt\/tallinn\/uus-maa-loond\/"},"modified":"2026-02-03T15:18:37","modified_gmt":"2026-02-03T13:18:37","slug":"uus-maa-loond","status":"publish","type":"page","link":"https:\/\/uusmaa.ee\/en\/kontakt\/tallinn\/uus-maa-loond\/","title":{"rendered":"Uus Maa Loond"},"content":{"rendered":"<div class=\"elementToProof\">\n<div class=\"elementToProof\">\n<div class=\"elementToProof\"><\/div>\n<div class=\"elementToProof\">\n<div class=\"elementToProof\"><\/div>\n<\/div>\n<p><span style=\"color: #4d5b7a; font-family: Roboto, sans-serif; font-size: 15px; letter-spacing: 0.5px;\"><div class=\"resolve-agents row\"><div class=\"col-xs-6 col-sm-4\">\n<div class=\"person content-agent content-agent-compact\">\n<div class=\"compact-inner\">\n<div class=\"meta\">\n<h4 class=\"title\">Nelli Kerde<\/h4>\n<\/div>\n<div><a href=\"https:\/\/uusmaa.ee\/en\/nelli-kerde\" class=\"img d-flex flex-md-column mt-md-auto d-block meta\"><img fetchpriority=\"high\" decoding=\"async\" width=\"375\" height=\"500\" src=\"https:\/\/uusmaa.ee\/images\/brokers\/611-1766400217-orig.jpg\" class=\"attachment-post-thumbnail size-post-thumbnail wp-post-image mx-auto\" alt=\"Nelli Kerde\" \/><\/a><\/div>\n<div class=\"contact\">\n<div class=\"meta\">\n<h4 class=\"title\">Nelli Kerde<\/h4>\n<div class=\"desc\">\n<br>\nRealestate Agent (KMR 34620)  | UUS MAA Loond |  Board Member<br>\n<\/div>\n<a href=\"tel:+37259074300\" class=\"phone\">+372 5907 4300<\/a><a href=\"&#109;&#x61;&#105;&#x6c;&#116;&#x6f;:&#x6e;e&#108;&#x6c;&#105;&#x2e;&#107;&#x65;r&#x64;e&#64;&#x75;&#117;&#x73;&#109;&#x61;&#97;&#x2e;e&#x65;\" class=\"email\">&#x6e;&#101;l&#x6c;&#105;&#46;&#x6b;&#x65;&#114;&#x64;&#x65;&#64;u&#x75;&#115;m&#x61;&#x61;&#46;&#x65;&#x65;<\/a><div class=\"lang\"><span class=\"d-none d-sm-inline-block\">My languages:<\/span><span class=\"est\"><\/span><span class=\"eng\"><\/span><span class=\"rus\"><\/span><\/div>\n<a href=\"https:\/\/uusmaa.ee\/en\/nelli-kerde\" class=\"view-broker-profile\">View profile<\/a>\n<\/div>\n<\/div>\n<\/div>\n<\/div>\n<\/div>\n<div class=\"col-xs-6 col-sm-4\">\n<div class=\"person content-agent content-agent-compact\">\n<div class=\"compact-inner\">\n<div class=\"meta\">\n<h4 class=\"title\">Kaija P\u00f5der<\/h4>\n<\/div>\n<div><a href=\"https:\/\/uusmaa.ee\/en\/kaija-poder\" class=\"img d-flex flex-md-column mt-md-auto d-block meta\"><img decoding=\"async\" width=\"375\" height=\"500\" src=\"https:\/\/uusmaa.ee\/images\/brokers\/648-1766401971-orig.jpg\" class=\"attachment-post-thumbnail size-post-thumbnail wp-post-image mx-auto\" alt=\"Kaija P\u00f5der\" \/><\/a><\/div>\n<div class=\"contact\">\n<div class=\"meta\">\n<h4 class=\"title\">Kaija P\u00f5der<\/h4>\n<div class=\"desc\">\n<br>\nMaaker | Nelli Kerde assistent | UUS MAA Loond<br>\n<\/div>\n<a href=\"tel:+37256121500\" class=\"phone\">+372 56121500<\/a><a href=\"&#x6d;&#x61;&#105;&#108;t&#x6f;&#x3a;&#x6b;&#97;&#105;j&#x61;&#x2e;&#x70;&#111;&#100;e&#x72;&#x40;&#x75;&#117;&#115;m&#x61;&#x61;&#x2e;&#101;e\" class=\"email\">k&#97;&#x69;&#x6a;a&#46;&#112;&#x6f;&#x64;e&#114;&#x40;&#x75;u&#115;&#109;&#x61;&#x61;&#46;&#101;&#x65;<\/a><div class=\"lang\"><span class=\"d-none d-sm-inline-block\">My languages:<\/span><span class=\"est\"><\/span><span class=\"eng\"><\/span><\/div>\n<a href=\"https:\/\/uusmaa.ee\/en\/kaija-poder\" class=\"view-broker-profile\">View profile<\/a>\n<\/div>\n<\/div>\n<\/div>\n<\/div>\n<\/div>\n<div class=\"col-xs-6 col-sm-4\">\n<div class=\"person content-agent content-agent-compact\">\n<div class=\"compact-inner\">\n<div class=\"meta\">\n<h4 class=\"title\">Erve Lettermo<\/h4>\n<\/div>\n<div><a href=\"https:\/\/uusmaa.ee\/en\/erve-lettermo\" class=\"img d-flex flex-md-column mt-md-auto d-block meta\"><img decoding=\"async\" width=\"375\" height=\"500\" src=\"https:\/\/uusmaa.ee\/images\/brokers\/515-1768832435-orig.jpg\" class=\"attachment-post-thumbnail size-post-thumbnail wp-post-image mx-auto\" alt=\"Erve Lettermo\" \/><\/a><\/div>\n<div class=\"contact\">\n<div class=\"meta\">\n<h4 class=\"title\">Erve Lettermo<\/h4>\n<div class=\"desc\">\n<br>\nReal Estate Agent | UUS MAA Loond<br>\n<\/div>\n<a href=\"tel:+3725571900\" class=\"phone\">+372 557 1900<\/a><a href=\"&#109;&#97;&#x69;l&#116;&#x6f;&#x3a;e&#114;&#x76;&#x65;&#46;&#108;&#x65;t&#116;&#x65;&#x72;m&#111;&#x40;&#x75;u&#115;&#x6d;a&#97;&#x2e;&#x65;e\" class=\"email\">e&#114;&#x76;&#x65;&#46;&#108;&#101;&#x74;&#x74;e&#114;&#x6d;&#x6f;&#64;&#117;&#117;&#x73;&#x6d;a&#97;&#x2e;&#x65;e<\/a><div class=\"lang\"><span class=\"d-none d-sm-inline-block\">My languages:<\/span><span class=\"est\"><\/span><span class=\"eng\"><\/span><span class=\"rus\"><\/span><span class=\"fin\"><\/span><\/div>\n<a href=\"https:\/\/uusmaa.ee\/en\/erve-lettermo\" class=\"view-broker-profile\">View profile<\/a>\n<\/div>\n<\/div>\n<\/div>\n<\/div>\n<\/div>\n<div class=\"col-xs-6 col-sm-4\">\n<div class=\"person content-agent content-agent-compact\">\n<div class=\"compact-inner\">\n<div class=\"meta\">\n<h4 class=\"title\">Eve Audse<\/h4>\n<\/div>\n<div><a href=\"https:\/\/uusmaa.ee\/en\/eve-audse\" class=\"img d-flex flex-md-column mt-md-auto d-block meta\"><img loading=\"lazy\" decoding=\"async\" width=\"375\" height=\"500\" src=\"https:\/\/uusmaa.ee\/images\/brokers\/1073-1766407556-orig.jpg\" class=\"attachment-post-thumbnail size-post-thumbnail wp-post-image mx-auto\" alt=\"Eve Audse\" \/><\/a><\/div>\n<div class=\"contact\">\n<div class=\"meta\">\n<h4 class=\"title\">Eve Audse<\/h4>\n<div class=\"desc\">\n<br>\nJunior Real Estate Agent | UUS MAA Loond<br>\n<\/div>\n<a href=\"tel:+37256702900\" class=\"phone\">+372 5670 2900<\/a><a href=\"ma&#105;&#108;&#116;&#x6f;&#x3a;&#x65;&#x76;&#x65;&#46;a&#117;&#100;&#115;&#x65;&#x40;&#x75;&#x75;&#x73;ma&#97;&#46;&#101;&#x65;\" class=\"email\">&#x65;&#x76;&#x65;&#46;&#97;&#117;ds&#x65;&#x40;&#x75;&#x75;&#115;&#109;aa&#x2e;&#x65;&#x65;<\/a><div class=\"lang\"><span class=\"d-none d-sm-inline-block\">My languages:<\/span><span class=\"est\"><\/span><\/div>\n<a href=\"https:\/\/uusmaa.ee\/en\/eve-audse\" class=\"view-broker-profile\">View profile<\/a>\n<\/div>\n<\/div>\n<\/div>\n<\/div>\n<\/div>\n<div class=\"col-xs-6 col-sm-4\">\n<div class=\"person content-agent content-agent-compact\">\n<div class=\"compact-inner\">\n<div class=\"meta\">\n<h4 class=\"title\">Carmen Kressa<\/h4>\n<\/div>\n<div><a href=\"https:\/\/uusmaa.ee\/en\/carmen-kressa\" class=\"img d-flex flex-md-column mt-md-auto d-block meta\"><img loading=\"lazy\" decoding=\"async\" width=\"375\" height=\"500\" src=\"https:\/\/uusmaa.ee\/images\/brokers\/1094-1771426535-orig.jpg\" class=\"attachment-post-thumbnail size-post-thumbnail wp-post-image mx-auto\" alt=\"Carmen Kressa\" \/><\/a><\/div>\n<div class=\"contact\">\n<div class=\"meta\">\n<h4 class=\"title\">Carmen Kressa<\/h4>\n<div class=\"desc\">\n<br>\nJunior Real Estate Agent | UUS MAA Loond<br>\n<\/div>\n<a href=\"tel:+37256572900\" class=\"phone\">+372 5657 2900<\/a><a href=\"&#x6d;&#x61;&#105;&#108;t&#x6f;&#x3a;&#x63;&#97;rm&#x65;&#x6e;&#46;&#107;r&#x65;&#x73;&#x73;&#97;&#64;u&#x75;&#x73;&#109;&#97;a&#x2e;&#x65;&#x65;\" class=\"email\">&#x63;&#97;r&#x6d;&#x65;&#110;&#46;&#x6b;&#x72;&#101;s&#x73;&#x61;&#64;u&#x75;&#x73;&#109;a&#x61;&#46;&#101;e<\/a><div class=\"lang\"><span class=\"d-none d-sm-inline-block\">My languages:<\/span><span class=\"est\"><\/span><span class=\"eng\"><\/span><span class=\"rus\"><\/span><\/div>\n<a href=\"https:\/\/uusmaa.ee\/en\/carmen-kressa\" class=\"view-broker-profile\">View profile<\/a>\n<\/div>\n<\/div>\n<\/div>\n<\/div>\n<\/div>\n<div class=\"col-xs-6 col-sm-4\">\n<div class=\"person content-agent content-agent-compact\">\n<div class=\"compact-inner\">\n<div class=\"meta\">\n<h4 class=\"title\">Marion Luht<\/h4>\n<\/div>\n<div><a href=\"https:\/\/uusmaa.ee\/en\/marion-luht\" class=\"img d-flex flex-md-column mt-md-auto d-block meta\"><img loading=\"lazy\" decoding=\"async\" width=\"375\" height=\"500\" src=\"https:\/\/uusmaa.ee\/images\/brokers\/1109-1776155710-orig.jpg\" class=\"attachment-post-thumbnail size-post-thumbnail wp-post-image mx-auto\" alt=\"Marion Luht\" \/><\/a><\/div>\n<div class=\"contact\">\n<div class=\"meta\">\n<h4 class=\"title\">Marion Luht<\/h4>\n<div class=\"desc\">\n<br>\nJunior Real Estate Agent | Uus Maa Loond<br>\n<\/div>\n<a href=\"tel:+37256261300\" class=\"phone\">+372 5626 1300<\/a><a href=\"mailto:marion&#46;luht&#64;uusma&#97;&#46;&#101;&#101;\" class=\"email\">&#109;&#x61;&#x72;i&#111;&#x6e;&#46;&#108;&#x75;&#x68;t&#64;&#x75;u&#115;&#x6d;&#x61;a&#46;&#x65;e<\/a><div class=\"lang\"><span class=\"d-none d-sm-inline-block\">My languages:<\/span><span class=\"est\"><\/span><span class=\"eng\"><\/span><\/div>\n<a href=\"https:\/\/uusmaa.ee\/en\/marion-luht\" class=\"view-broker-profile\">View profile<\/a>\n<\/div>\n<\/div>\n<\/div>\n<\/div>\n<\/div>\n<\/div><input type=\"hidden\" name=\"page_offices\" value=\"\" \/><\/span><\/p>\n<\/div>\n<\/div>\n\n<p><\/p>\n","protected":false},"excerpt":{"rendered":"","protected":false},"author":21,"featured_media":0,"parent":2489834,"menu_order":64,"comment_status":"closed","ping_status":"closed","template":"template-bureau.php","meta":{"_acf_changed":false,"footnotes":""},"class_list":["post-3372851","page","type-page","status-publish","hentry"],"acf":[],"yoast_head":"<!-- This site is optimized with the Yoast SEO plugin v27.3 - https:\/\/yoast.com\/product\/yoast-seo-wordpress\/ -->\n<title>Uus Maa Loond &#8211; Uus Maa Kinnisvarab&uuml;roo<\/title>\n<meta name=\"description\" content=\"Uus Maa on p\u00fchendunud kliendi ootuste \u00fcletamisele ja on juhtiv ekspert Eesti kinnisvaraturul aastast 1991. Elukondliku- ja \u00e4rikinnisvara m\u00fc\u00fck, ost, \u00fc\u00fcr, hindamine.\" \/>\n<meta name=\"robots\" content=\"index, follow, max-snippet:-1, max-image-preview:large, max-video-preview:-1\" \/>\n<link rel=\"canonical\" href=\"https:\/\/uusmaa.ee\/en\/kontakt\/tallinn\/uus-maa-loond\/\" \/>\n<meta property=\"og:locale\" content=\"en_US\" \/>\n<meta property=\"og:type\" content=\"article\" \/>\n<meta property=\"og:title\" content=\"Uus Maa Loond &#8211; Uus Maa Kinnisvarab&uuml;roo\" \/>\n<meta property=\"og:description\" content=\"Uus Maa on p\u00fchendunud kliendi ootuste \u00fcletamisele ja on juhtiv ekspert Eesti kinnisvaraturul aastast 1991. Elukondliku- ja \u00e4rikinnisvara m\u00fc\u00fck, ost, \u00fc\u00fcr, hindamine.\" \/>\n<meta property=\"og:url\" content=\"https:\/\/uusmaa.ee\/en\/kontakt\/tallinn\/uus-maa-loond\/\" \/>\n<meta property=\"og:site_name\" content=\"Uus Maa Kinnisvarab&uuml;roo\" \/>\n<meta property=\"article:publisher\" content=\"https:\/\/www.facebook.com\/uusmaakinnisvarabyroo\" \/>\n<meta property=\"article:modified_time\" content=\"2026-02-03T13:18:37+00:00\" \/>\n<meta name=\"twitter:card\" content=\"summary_large_image\" \/>\n<!-- \/ Yoast SEO plugin. -->","yoast_head_json":{"title":"Uus Maa Loond &#8211; Uus Maa Kinnisvarab&uuml;roo","description":"Uus Maa on p\u00fchendunud kliendi ootuste \u00fcletamisele ja on juhtiv ekspert Eesti kinnisvaraturul aastast 1991. Elukondliku- ja \u00e4rikinnisvara m\u00fc\u00fck, ost, \u00fc\u00fcr, hindamine.","robots":{"index":"index","follow":"follow","max-snippet":"max-snippet:-1","max-image-preview":"max-image-preview:large","max-video-preview":"max-video-preview:-1"},"canonical":"https:\/\/uusmaa.ee\/en\/kontakt\/tallinn\/uus-maa-loond\/","og_locale":"en_US","og_type":"article","og_title":"Uus Maa Loond &#8211; Uus Maa Kinnisvarab&uuml;roo","og_description":"Uus Maa on p\u00fchendunud kliendi ootuste \u00fcletamisele ja on juhtiv ekspert Eesti kinnisvaraturul aastast 1991. Elukondliku- ja \u00e4rikinnisvara m\u00fc\u00fck, ost, \u00fc\u00fcr, hindamine.","og_url":"https:\/\/uusmaa.ee\/en\/kontakt\/tallinn\/uus-maa-loond\/","og_site_name":"Uus Maa Kinnisvarab&uuml;roo","article_publisher":"https:\/\/www.facebook.com\/uusmaakinnisvarabyroo","article_modified_time":"2026-02-03T13:18:37+00:00","twitter_card":"summary_large_image","schema":{"@context":"https:\/\/schema.org","@graph":[{"@type":"WebPage","@id":"https:\/\/uusmaa.ee\/en\/kontakt\/tallinn\/uus-maa-loond\/","url":"https:\/\/uusmaa.ee\/en\/kontakt\/tallinn\/uus-maa-loond\/","name":"Uus Maa Loond &#8211; Uus Maa Kinnisvarab&uuml;roo","isPartOf":{"@id":"https:\/\/uusmaa.ee\/en\/#website"},"datePublished":"2026-02-03T13:18:36+00:00","dateModified":"2026-02-03T13:18:37+00:00","description":"Uus Maa on p\u00fchendunud kliendi ootuste \u00fcletamisele ja on juhtiv ekspert Eesti kinnisvaraturul aastast 1991. Elukondliku- ja \u00e4rikinnisvara m\u00fc\u00fck, ost, \u00fc\u00fcr, hindamine.","breadcrumb":{"@id":"https:\/\/uusmaa.ee\/en\/kontakt\/tallinn\/uus-maa-loond\/#breadcrumb"},"inLanguage":"en-US","potentialAction":[{"@type":"ReadAction","target":["https:\/\/uusmaa.ee\/en\/kontakt\/tallinn\/uus-maa-loond\/"]}]},{"@type":"BreadcrumbList","@id":"https:\/\/uusmaa.ee\/en\/kontakt\/tallinn\/uus-maa-loond\/#breadcrumb","itemListElement":[{"@type":"ListItem","position":1,"name":"Uus Maa kinnisvarab\u00fcroo","item":"https:\/\/uusmaa.ee\/en\/"},{"@type":"ListItem","position":2,"name":"Contact","item":"https:\/\/uusmaa.ee\/en\/kontakt\/"},{"@type":"ListItem","position":3,"name":"Uus Maa Tallinn","item":"https:\/\/uusmaa.ee\/en\/kontakt\/tallinn\/"},{"@type":"ListItem","position":4,"name":"Uus Maa Loond"}]},{"@type":"WebSite","@id":"https:\/\/uusmaa.ee\/en\/#website","url":"https:\/\/uusmaa.ee\/en\/","name":"Uus Maa Kinnisvarab\u00fcroo","description":"Turuliider Uus Maa Kinnisvarab&uuml;roo &ndash; 30 aastat rahulolevaid kliente","publisher":{"@id":"https:\/\/uusmaa.ee\/en\/#organization"},"potentialAction":[{"@type":"SearchAction","target":{"@type":"EntryPoint","urlTemplate":"https:\/\/uusmaa.ee\/en\/?s={search_term_string}"},"query-input":{"@type":"PropertyValueSpecification","valueRequired":true,"valueName":"search_term_string"}}],"inLanguage":"en-US"},{"@type":"Organization","@id":"https:\/\/uusmaa.ee\/en\/#organization","name":"Uus Maa","url":"https:\/\/uusmaa.ee\/en\/","logo":{"@type":"ImageObject","inLanguage":"en-US","@id":"https:\/\/uusmaa.ee\/en\/#\/schema\/logo\/image\/","url":"https:\/\/uusmaa.ee\/wp-content\/uploads\/2024\/05\/UM_base_logo_color_215x33px.svg","contentUrl":"https:\/\/uusmaa.ee\/wp-content\/uploads\/2024\/05\/UM_base_logo_color_215x33px.svg","width":215,"height":33,"caption":"Uus Maa"},"image":{"@id":"https:\/\/uusmaa.ee\/en\/#\/schema\/logo\/image\/"},"sameAs":["https:\/\/www.facebook.com\/uusmaakinnisvarabyroo","https:\/\/www.linkedin.com\/company\/uus-maa-kinnisvarab-roo","https:\/\/www.youtube.com\/user\/uusmaa20"]}]}},"_links":{"self":[{"href":"https:\/\/uusmaa.ee\/en\/wp-json\/wp\/v2\/pages\/3372851","targetHints":{"allow":["GET"]}}],"collection":[{"href":"https:\/\/uusmaa.ee\/en\/wp-json\/wp\/v2\/pages"}],"about":[{"href":"https:\/\/uusmaa.ee\/en\/wp-json\/wp\/v2\/types\/page"}],"author":[{"embeddable":true,"href":"https:\/\/uusmaa.ee\/en\/wp-json\/wp\/v2\/users\/21"}],"replies":[{"embeddable":true,"href":"https:\/\/uusmaa.ee\/en\/wp-json\/wp\/v2\/comments?post=3372851"}],"version-history":[{"count":1,"href":"https:\/\/uusmaa.ee\/en\/wp-json\/wp\/v2\/pages\/3372851\/revisions"}],"predecessor-version":[{"id":3372852,"href":"https:\/\/uusmaa.ee\/en\/wp-json\/wp\/v2\/pages\/3372851\/revisions\/3372852"}],"up":[{"embeddable":true,"href":"https:\/\/uusmaa.ee\/en\/wp-json\/wp\/v2\/pages\/2489834"}],"wp:attachment":[{"href":"https:\/\/uusmaa.ee\/en\/wp-json\/wp\/v2\/media?parent=3372851"}],"curies":[{"name":"wp","href":"https:\/\/api.w.org\/{rel}","templated":true}]}}