{"id":2490768,"date":"2023-10-02T11:42:40","date_gmt":"2023-10-02T08:42:40","guid":{"rendered":"https:\/\/uusmaa.ee\/?page_id=2490768"},"modified":"2025-09-15T00:23:15","modified_gmt":"2025-09-14T21:23:15","slug":"noble","status":"publish","type":"page","link":"https:\/\/uusmaa.ee\/en\/kontakt\/tallinn\/noble\/","title":{"rendered":"Uus Maa Noble"},"content":{"rendered":"<div class=\"resolve-agents row\"><div class=\"col-xs-6 col-sm-4\">\n<div class=\"person content-agent content-agent-compact\">\n<div class=\"compact-inner\">\n<div class=\"meta\">\n<h4 class=\"title\">Eduard Sorokin<\/h4>\n<\/div>\n<div><a href=\"https:\/\/uusmaa.ee\/en\/eduard-sorokin\" class=\"img d-flex flex-md-column mt-md-auto d-block meta\"><img fetchpriority=\"high\" decoding=\"async\" width=\"375\" height=\"500\" src=\"https:\/\/uusmaa.ee\/images\/brokers\/462-1730117301-orig.jpg\" class=\"attachment-post-thumbnail size-post-thumbnail wp-post-image mx-auto\" alt=\"Eduard Sorokin\" \/><\/a><\/div>\n<div class=\"contact\">\n<div class=\"meta\">\n<h4 class=\"title\">Eduard Sorokin<\/h4>\n<div class=\"desc\">\n<br>\n\u00c4rikinnisvara konsultant | Investeerimisportfelli juht | UUS MAA Noble<br>\n<\/div>\n<a href=\"tel:+37256222256\" class=\"phone\">+372 5622 2256<\/a><a href=\"&#109;&#x61;i&#108;&#x74;o&#x3a;&#x65;&#100;&#x75;a&#114;&#x64;&#46;&#115;&#x6f;&#114;&#x6f;k&#105;&#x6e;&#64;&#117;&#x75;&#115;&#x6d;&#x61;&#97;&#x2e;e&#101;\" class=\"email\">&#101;&#x64;&#117;&#x61;&#114;&#x64;&#46;&#x73;o&#x72;o&#x6b;i&#x6e;&#64;&#117;&#x75;&#115;&#x6d;&#97;&#x61;&#46;&#x65;&#101;<\/a><div class=\"lang\"><span class=\"d-none d-sm-inline-block\">My languages:<\/span><span class=\"est\"><\/span><span class=\"eng\"><\/span><span class=\"rus\"><\/span><\/div>\n<a href=\"https:\/\/uusmaa.ee\/en\/eduard-sorokin\" class=\"view-broker-profile\">View profile<\/a>\n<\/div>\n<\/div>\n<\/div>\n<\/div>\n<\/div>\n<div class=\"col-xs-6 col-sm-4\">\n<div class=\"person content-agent content-agent-compact\">\n<div class=\"compact-inner\">\n<div class=\"meta\">\n<h4 class=\"title\">Birgit Viilukas<\/h4>\n<\/div>\n<div><a href=\"https:\/\/uusmaa.ee\/en\/birgit-viilukas\" class=\"img d-flex flex-md-column mt-md-auto d-block meta\"><img decoding=\"async\" width=\"375\" height=\"500\" src=\"https:\/\/uusmaa.ee\/images\/brokers\/857-1727267718-orig.jpg\" class=\"attachment-post-thumbnail size-post-thumbnail wp-post-image mx-auto\" alt=\"Birgit Viilukas\" \/><\/a><\/div>\n<div class=\"contact\">\n<div class=\"meta\">\n<h4 class=\"title\">Birgit Viilukas<\/h4>\n<div class=\"desc\">\n<br>\nJunior Real Estate Agent | UUS MAA Noble | Partner<br>\n<\/div>\n<a href=\"tel:+37253417112\" class=\"phone\">+372 5341 7112<\/a><a href=\"&#109;&#x61;&#105;&#x6c;&#116;&#x6f;&#58;&#x62;i&#x72;g&#x69;t&#x2e;v&#105;&#x69;&#108;&#x75;&#107;&#x61;&#115;&#x40;&#117;&#x75;s&#x6d;a&#x61;&#46;&#x65;e\" class=\"email\">b&#105;&#x72;&#x67;&#x69;t&#46;&#118;&#x69;&#x69;l&#117;&#107;&#x61;&#x73;&#64;u&#117;&#x73;&#x6d;&#x61;a&#46;&#x65;&#x65;<\/a><div class=\"lang\"><span class=\"d-none d-sm-inline-block\">My languages:<\/span><span class=\"est\"><\/span><span class=\"eng\"><\/span><\/div>\n<a href=\"https:\/\/uusmaa.ee\/en\/birgit-viilukas\" class=\"view-broker-profile\">View profile<\/a>\n<\/div>\n<\/div>\n<\/div>\n<\/div>\n<\/div>\n<div class=\"col-xs-6 col-sm-4\">\n<div class=\"person content-agent content-agent-compact\">\n<div class=\"compact-inner\">\n<div class=\"meta\">\n<h4 class=\"title\">Madis Merioja<\/h4>\n<\/div>\n<div><a href=\"https:\/\/uusmaa.ee\/en\/madis-merioja\" class=\"img d-flex flex-md-column mt-md-auto d-block meta\"><img decoding=\"async\" width=\"375\" height=\"500\" src=\"https:\/\/uusmaa.ee\/images\/brokers\/712-1741877552-orig.jpg\" class=\"attachment-post-thumbnail size-post-thumbnail wp-post-image mx-auto\" alt=\"Madis Merioja\" \/><\/a><\/div>\n<div class=\"contact\">\n<div class=\"meta\">\n<h4 class=\"title\">Madis Merioja<\/h4>\n<div class=\"desc\">\n<br>\nReal Estate Agent | UUS MAA Noble | Partner<br>\n<\/div>\n<a href=\"tel:+37253023919\" class=\"phone\">+372 5302 3919<\/a><a href=\"mailto&#58;&#109;&#97;&#100;&#105;&#115;&#64;&#x75;&#x75;&#x73;&#x6d;&#x61;&#x61;&#x2e;&#x65;&#x65;\" class=\"email\">&#109;&#x61;&#x64;&#105;&#x73;&#x40;u&#x75;&#x73;m&#97;&#x61;&#46;&#101;&#x65;<\/a><div class=\"lang\"><span class=\"d-none d-sm-inline-block\">My languages:<\/span><span class=\"est\"><\/span><span class=\"eng\"><\/span><\/div>\n<a href=\"https:\/\/uusmaa.ee\/en\/madis-merioja\" class=\"view-broker-profile\">View profile<\/a>\n<\/div>\n<\/div>\n<\/div>\n<\/div>\n<\/div>\n<div class=\"col-xs-6 col-sm-4\">\n<div class=\"person content-agent content-agent-compact\">\n<div class=\"compact-inner\">\n<div class=\"meta\">\n<h4 class=\"title\">Robert Rannala<\/h4>\n<\/div>\n<div><a href=\"https:\/\/uusmaa.ee\/en\/robert-rannala\" class=\"img d-flex flex-md-column mt-md-auto d-block meta\"><img loading=\"lazy\" decoding=\"async\" width=\"375\" height=\"500\" src=\"https:\/\/uusmaa.ee\/images\/brokers\/977-1762976874-orig.jpg\" class=\"attachment-post-thumbnail size-post-thumbnail wp-post-image mx-auto\" alt=\"Robert Rannala\" \/><\/a><\/div>\n<div class=\"contact\">\n<div class=\"meta\">\n<h4 class=\"title\">Robert Rannala<\/h4>\n<div class=\"desc\">\n<br>\nReal Estate Agent | UUS MAA Noble<br>\n<\/div>\n<a href=\"tel:+3725031821\" class=\"phone\">+372 503 1821<\/a><a href=\"&#109;&#x61;i&#108;&#x74;o&#58;&#x72;o&#x62;&#x65;&#114;&#x74;&#46;&#114;&#x61;n&#110;&#x61;l&#x61;&#x40;&#117;&#x75;&#x73;&#109;&#x61;a&#46;&#x65;e\" class=\"email\">&#114;&#x6f;&#x62;e&#114;&#x74;&#46;&#114;&#x61;&#x6e;n&#97;&#x6c;a&#64;&#x75;&#x75;s&#109;&#x61;a&#46;&#x65;&#x65;<\/a><div class=\"lang\"><span class=\"d-none d-sm-inline-block\">My languages:<\/span><span class=\"est\"><\/span><span class=\"eng\"><\/span><\/div>\n<a href=\"https:\/\/uusmaa.ee\/en\/robert-rannala\" class=\"view-broker-profile\">View profile<\/a>\n<\/div>\n<\/div>\n<\/div>\n<\/div>\n<\/div>\n<\/div><input type=\"hidden\" name=\"page_offices\" value=\"\" \/>\n","protected":false},"excerpt":{"rendered":"","protected":false},"author":21,"featured_media":0,"parent":2489834,"menu_order":57,"comment_status":"closed","ping_status":"closed","template":"template-bureau.php","meta":{"_acf_changed":false,"footnotes":""},"class_list":["post-2490768","page","type-page","status-publish","hentry"],"acf":[],"yoast_head":"<!-- This site is optimized with the Yoast SEO plugin v27.3 - https:\/\/yoast.com\/product\/yoast-seo-wordpress\/ -->\n<title>Uus Maa Noble &#8211; Uus Maa Kinnisvarab&uuml;roo<\/title>\n<meta name=\"description\" content=\"Uus Maa on p\u00fchendunud kliendi ootuste \u00fcletamisele ja on juhtiv ekspert Eesti kinnisvaraturul aastast 1991. Elukondliku- ja \u00e4rikinnisvara m\u00fc\u00fck, ost, \u00fc\u00fcr, hindamine.\" \/>\n<meta name=\"robots\" content=\"index, follow, max-snippet:-1, max-image-preview:large, max-video-preview:-1\" \/>\n<link rel=\"canonical\" href=\"https:\/\/uusmaa.ee\/en\/kontakt\/tallinn\/noble\/\" \/>\n<meta property=\"og:locale\" content=\"en_US\" \/>\n<meta property=\"og:type\" content=\"article\" \/>\n<meta property=\"og:title\" content=\"Uus Maa Noble &#8211; Uus Maa Kinnisvarab&uuml;roo\" \/>\n<meta property=\"og:description\" content=\"Uus Maa on p\u00fchendunud kliendi ootuste \u00fcletamisele ja on juhtiv ekspert Eesti kinnisvaraturul aastast 1991. Elukondliku- ja \u00e4rikinnisvara m\u00fc\u00fck, ost, \u00fc\u00fcr, hindamine.\" \/>\n<meta property=\"og:url\" content=\"https:\/\/uusmaa.ee\/en\/kontakt\/tallinn\/noble\/\" \/>\n<meta property=\"og:site_name\" content=\"Uus Maa Kinnisvarab&uuml;roo\" \/>\n<meta property=\"article:publisher\" content=\"https:\/\/www.facebook.com\/uusmaakinnisvarabyroo\" \/>\n<meta property=\"article:modified_time\" content=\"2025-09-14T21:23:15+00:00\" \/>\n<meta name=\"twitter:card\" content=\"summary_large_image\" \/>\n<meta name=\"twitter:label1\" content=\"Est. reading time\" \/>\n\t<meta name=\"twitter:data1\" content=\"1 minute\" \/>\n<!-- \/ Yoast SEO plugin. -->","yoast_head_json":{"title":"Uus Maa Noble &#8211; Uus Maa Kinnisvarab&uuml;roo","description":"Uus Maa on p\u00fchendunud kliendi ootuste \u00fcletamisele ja on juhtiv ekspert Eesti kinnisvaraturul aastast 1991. Elukondliku- ja \u00e4rikinnisvara m\u00fc\u00fck, ost, \u00fc\u00fcr, hindamine.","robots":{"index":"index","follow":"follow","max-snippet":"max-snippet:-1","max-image-preview":"max-image-preview:large","max-video-preview":"max-video-preview:-1"},"canonical":"https:\/\/uusmaa.ee\/en\/kontakt\/tallinn\/noble\/","og_locale":"en_US","og_type":"article","og_title":"Uus Maa Noble &#8211; Uus Maa Kinnisvarab&uuml;roo","og_description":"Uus Maa on p\u00fchendunud kliendi ootuste \u00fcletamisele ja on juhtiv ekspert Eesti kinnisvaraturul aastast 1991. Elukondliku- ja \u00e4rikinnisvara m\u00fc\u00fck, ost, \u00fc\u00fcr, hindamine.","og_url":"https:\/\/uusmaa.ee\/en\/kontakt\/tallinn\/noble\/","og_site_name":"Uus Maa Kinnisvarab&uuml;roo","article_publisher":"https:\/\/www.facebook.com\/uusmaakinnisvarabyroo","article_modified_time":"2025-09-14T21:23:15+00:00","twitter_card":"summary_large_image","twitter_misc":{"Est. reading time":"1 minute"},"schema":{"@context":"https:\/\/schema.org","@graph":[{"@type":"WebPage","@id":"https:\/\/uusmaa.ee\/en\/kontakt\/tallinn\/noble\/","url":"https:\/\/uusmaa.ee\/en\/kontakt\/tallinn\/noble\/","name":"Uus Maa Noble &#8211; Uus Maa Kinnisvarab&uuml;roo","isPartOf":{"@id":"https:\/\/uusmaa.ee\/en\/#website"},"datePublished":"2023-10-02T08:42:40+00:00","dateModified":"2025-09-14T21:23:15+00:00","description":"Uus Maa on p\u00fchendunud kliendi ootuste \u00fcletamisele ja on juhtiv ekspert Eesti kinnisvaraturul aastast 1991. Elukondliku- ja \u00e4rikinnisvara m\u00fc\u00fck, ost, \u00fc\u00fcr, hindamine.","breadcrumb":{"@id":"https:\/\/uusmaa.ee\/en\/kontakt\/tallinn\/noble\/#breadcrumb"},"inLanguage":"en-US","potentialAction":[{"@type":"ReadAction","target":["https:\/\/uusmaa.ee\/en\/kontakt\/tallinn\/noble\/"]}]},{"@type":"BreadcrumbList","@id":"https:\/\/uusmaa.ee\/en\/kontakt\/tallinn\/noble\/#breadcrumb","itemListElement":[{"@type":"ListItem","position":1,"name":"Uus Maa kinnisvarab\u00fcroo","item":"https:\/\/uusmaa.ee\/en\/"},{"@type":"ListItem","position":2,"name":"Contact","item":"https:\/\/uusmaa.ee\/en\/kontakt\/"},{"@type":"ListItem","position":3,"name":"Uus Maa Tallinn","item":"https:\/\/uusmaa.ee\/en\/kontakt\/tallinn\/"},{"@type":"ListItem","position":4,"name":"Uus Maa Noble"}]},{"@type":"WebSite","@id":"https:\/\/uusmaa.ee\/en\/#website","url":"https:\/\/uusmaa.ee\/en\/","name":"Uus Maa Kinnisvarab\u00fcroo","description":"Turuliider Uus Maa Kinnisvarab&uuml;roo &ndash; 30 aastat rahulolevaid kliente","publisher":{"@id":"https:\/\/uusmaa.ee\/en\/#organization"},"potentialAction":[{"@type":"SearchAction","target":{"@type":"EntryPoint","urlTemplate":"https:\/\/uusmaa.ee\/en\/?s={search_term_string}"},"query-input":{"@type":"PropertyValueSpecification","valueRequired":true,"valueName":"search_term_string"}}],"inLanguage":"en-US"},{"@type":"Organization","@id":"https:\/\/uusmaa.ee\/en\/#organization","name":"Uus Maa","url":"https:\/\/uusmaa.ee\/en\/","logo":{"@type":"ImageObject","inLanguage":"en-US","@id":"https:\/\/uusmaa.ee\/en\/#\/schema\/logo\/image\/","url":"https:\/\/uusmaa.ee\/wp-content\/uploads\/2024\/05\/UM_base_logo_color_215x33px.svg","contentUrl":"https:\/\/uusmaa.ee\/wp-content\/uploads\/2024\/05\/UM_base_logo_color_215x33px.svg","width":215,"height":33,"caption":"Uus Maa"},"image":{"@id":"https:\/\/uusmaa.ee\/en\/#\/schema\/logo\/image\/"},"sameAs":["https:\/\/www.facebook.com\/uusmaakinnisvarabyroo","https:\/\/www.linkedin.com\/company\/uus-maa-kinnisvarab-roo","https:\/\/www.youtube.com\/user\/uusmaa20"]}]}},"_links":{"self":[{"href":"https:\/\/uusmaa.ee\/en\/wp-json\/wp\/v2\/pages\/2490768","targetHints":{"allow":["GET"]}}],"collection":[{"href":"https:\/\/uusmaa.ee\/en\/wp-json\/wp\/v2\/pages"}],"about":[{"href":"https:\/\/uusmaa.ee\/en\/wp-json\/wp\/v2\/types\/page"}],"author":[{"embeddable":true,"href":"https:\/\/uusmaa.ee\/en\/wp-json\/wp\/v2\/users\/21"}],"replies":[{"embeddable":true,"href":"https:\/\/uusmaa.ee\/en\/wp-json\/wp\/v2\/comments?post=2490768"}],"version-history":[{"count":1,"href":"https:\/\/uusmaa.ee\/en\/wp-json\/wp\/v2\/pages\/2490768\/revisions"}],"predecessor-version":[{"id":2636350,"href":"https:\/\/uusmaa.ee\/en\/wp-json\/wp\/v2\/pages\/2490768\/revisions\/2636350"}],"up":[{"embeddable":true,"href":"https:\/\/uusmaa.ee\/en\/wp-json\/wp\/v2\/pages\/2489834"}],"wp:attachment":[{"href":"https:\/\/uusmaa.ee\/en\/wp-json\/wp\/v2\/media?parent=2490768"}],"curies":[{"name":"wp","href":"https:\/\/api.w.org\/{rel}","templated":true}]}}