{"id":2490108,"date":"2023-05-17T15:54:18","date_gmt":"2023-05-17T12:54:18","guid":{"rendered":"https:\/\/uusmaa.ee\/kontakt\/uus-maa-tallinn\/uus-maa-capital\/"},"modified":"2023-06-29T08:58:43","modified_gmt":"2023-06-29T05:58:43","slug":"uus-maa-capital","status":"publish","type":"page","link":"https:\/\/uusmaa.ee\/en\/kontakt\/tallinn\/uus-maa-capital\/","title":{"rendered":"Uus Maa Capital"},"content":{"rendered":"","protected":false},"excerpt":{"rendered":"","protected":false},"author":17,"featured_media":0,"parent":2489834,"menu_order":32,"comment_status":"closed","ping_status":"closed","template":"template-bureau.php","meta":{"_acf_changed":false,"footnotes":""},"class_list":["post-2490108","page","type-page","status-publish","hentry"],"acf":[],"yoast_head":"<!-- This site is optimized with the Yoast SEO plugin v27.0 - https:\/\/yoast.com\/product\/yoast-seo-wordpress\/ -->\n<title>Uus Maa Capital &#8211; Uus Maa Kinnisvarab&uuml;roo<\/title>\n<meta name=\"description\" content=\"Uus Maa on p\u00fchendunud kliendi ootuste \u00fcletamisele ja on juhtiv ekspert Eesti kinnisvaraturul aastast 1991. Elukondliku- ja \u00e4rikinnisvara m\u00fc\u00fck, ost, \u00fc\u00fcr, hindamine.\" \/>\n<meta name=\"robots\" content=\"index, follow, max-snippet:-1, max-image-preview:large, max-video-preview:-1\" \/>\n<link rel=\"canonical\" href=\"https:\/\/uusmaa.ee\/en\/kontakt\/tallinn\/uus-maa-capital\/\" \/>\n<meta property=\"og:locale\" content=\"en_US\" \/>\n<meta property=\"og:type\" content=\"article\" \/>\n<meta property=\"og:title\" content=\"Uus Maa Capital &#8211; Uus Maa Kinnisvarab&uuml;roo\" \/>\n<meta property=\"og:description\" content=\"Uus Maa on p\u00fchendunud kliendi ootuste \u00fcletamisele ja on juhtiv ekspert Eesti kinnisvaraturul aastast 1991. Elukondliku- ja \u00e4rikinnisvara m\u00fc\u00fck, ost, \u00fc\u00fcr, hindamine.\" \/>\n<meta property=\"og:url\" content=\"https:\/\/uusmaa.ee\/en\/kontakt\/tallinn\/uus-maa-capital\/\" \/>\n<meta property=\"og:site_name\" content=\"Uus Maa Kinnisvarab&uuml;roo\" \/>\n<meta property=\"article:publisher\" content=\"https:\/\/www.facebook.com\/uusmaakinnisvarabyroo\" \/>\n<meta property=\"article:modified_time\" content=\"2023-06-29T05:58:43+00:00\" \/>\n<meta name=\"twitter:card\" content=\"summary_large_image\" \/>\n<!-- \/ Yoast SEO plugin. -->","yoast_head_json":{"title":"Uus Maa Capital &#8211; Uus Maa Kinnisvarab&uuml;roo","description":"Uus Maa on p\u00fchendunud kliendi ootuste \u00fcletamisele ja on juhtiv ekspert Eesti kinnisvaraturul aastast 1991. Elukondliku- ja \u00e4rikinnisvara m\u00fc\u00fck, ost, \u00fc\u00fcr, hindamine.","robots":{"index":"index","follow":"follow","max-snippet":"max-snippet:-1","max-image-preview":"max-image-preview:large","max-video-preview":"max-video-preview:-1"},"canonical":"https:\/\/uusmaa.ee\/en\/kontakt\/tallinn\/uus-maa-capital\/","og_locale":"en_US","og_type":"article","og_title":"Uus Maa Capital &#8211; Uus Maa Kinnisvarab&uuml;roo","og_description":"Uus Maa on p\u00fchendunud kliendi ootuste \u00fcletamisele ja on juhtiv ekspert Eesti kinnisvaraturul aastast 1991. Elukondliku- ja \u00e4rikinnisvara m\u00fc\u00fck, ost, \u00fc\u00fcr, hindamine.","og_url":"https:\/\/uusmaa.ee\/en\/kontakt\/tallinn\/uus-maa-capital\/","og_site_name":"Uus Maa Kinnisvarab&uuml;roo","article_publisher":"https:\/\/www.facebook.com\/uusmaakinnisvarabyroo","article_modified_time":"2023-06-29T05:58:43+00:00","twitter_card":"summary_large_image","schema":{"@context":"https:\/\/schema.org","@graph":[{"@type":"WebPage","@id":"https:\/\/uusmaa.ee\/en\/kontakt\/tallinn\/uus-maa-capital\/","url":"https:\/\/uusmaa.ee\/en\/kontakt\/tallinn\/uus-maa-capital\/","name":"Uus Maa Capital &#8211; Uus Maa Kinnisvarab&uuml;roo","isPartOf":{"@id":"https:\/\/uusmaa.ee\/en\/#website"},"datePublished":"2023-05-17T12:54:18+00:00","dateModified":"2023-06-29T05:58:43+00:00","description":"Uus Maa on p\u00fchendunud kliendi ootuste \u00fcletamisele ja on juhtiv ekspert Eesti kinnisvaraturul aastast 1991. Elukondliku- ja \u00e4rikinnisvara m\u00fc\u00fck, ost, \u00fc\u00fcr, hindamine.","breadcrumb":{"@id":"https:\/\/uusmaa.ee\/en\/kontakt\/tallinn\/uus-maa-capital\/#breadcrumb"},"inLanguage":"en-US","potentialAction":[{"@type":"ReadAction","target":["https:\/\/uusmaa.ee\/en\/kontakt\/tallinn\/uus-maa-capital\/"]}]},{"@type":"BreadcrumbList","@id":"https:\/\/uusmaa.ee\/en\/kontakt\/tallinn\/uus-maa-capital\/#breadcrumb","itemListElement":[{"@type":"ListItem","position":1,"name":"Uus Maa kinnisvarab\u00fcroo","item":"https:\/\/uusmaa.ee\/en\/"},{"@type":"ListItem","position":2,"name":"Contact","item":"https:\/\/uusmaa.ee\/en\/kontakt\/"},{"@type":"ListItem","position":3,"name":"Uus Maa Tallinn","item":"https:\/\/uusmaa.ee\/en\/kontakt\/tallinn\/"},{"@type":"ListItem","position":4,"name":"Uus Maa Capital"}]},{"@type":"WebSite","@id":"https:\/\/uusmaa.ee\/en\/#website","url":"https:\/\/uusmaa.ee\/en\/","name":"Uus Maa Kinnisvarab\u00fcroo","description":"Turuliider Uus Maa Kinnisvarab&uuml;roo &ndash; 30 aastat rahulolevaid kliente","publisher":{"@id":"https:\/\/uusmaa.ee\/en\/#organization"},"potentialAction":[{"@type":"SearchAction","target":{"@type":"EntryPoint","urlTemplate":"https:\/\/uusmaa.ee\/en\/?s={search_term_string}"},"query-input":{"@type":"PropertyValueSpecification","valueRequired":true,"valueName":"search_term_string"}}],"inLanguage":"en-US"},{"@type":"Organization","@id":"https:\/\/uusmaa.ee\/en\/#organization","name":"Uus Maa","url":"https:\/\/uusmaa.ee\/en\/","logo":{"@type":"ImageObject","inLanguage":"en-US","@id":"https:\/\/uusmaa.ee\/en\/#\/schema\/logo\/image\/","url":"https:\/\/uusmaa.ee\/wp-content\/uploads\/2024\/05\/UM_base_logo_color_215x33px.svg","contentUrl":"https:\/\/uusmaa.ee\/wp-content\/uploads\/2024\/05\/UM_base_logo_color_215x33px.svg","width":215,"height":33,"caption":"Uus Maa"},"image":{"@id":"https:\/\/uusmaa.ee\/en\/#\/schema\/logo\/image\/"},"sameAs":["https:\/\/www.facebook.com\/uusmaakinnisvarabyroo","https:\/\/www.linkedin.com\/company\/uus-maa-kinnisvarab-roo","https:\/\/www.youtube.com\/user\/uusmaa20"]}]}},"_links":{"self":[{"href":"https:\/\/uusmaa.ee\/en\/wp-json\/wp\/v2\/pages\/2490108","targetHints":{"allow":["GET"]}}],"collection":[{"href":"https:\/\/uusmaa.ee\/en\/wp-json\/wp\/v2\/pages"}],"about":[{"href":"https:\/\/uusmaa.ee\/en\/wp-json\/wp\/v2\/types\/page"}],"author":[{"embeddable":true,"href":"https:\/\/uusmaa.ee\/en\/wp-json\/wp\/v2\/users\/17"}],"replies":[{"embeddable":true,"href":"https:\/\/uusmaa.ee\/en\/wp-json\/wp\/v2\/comments?post=2490108"}],"version-history":[{"count":0,"href":"https:\/\/uusmaa.ee\/en\/wp-json\/wp\/v2\/pages\/2490108\/revisions"}],"up":[{"embeddable":true,"href":"https:\/\/uusmaa.ee\/en\/wp-json\/wp\/v2\/pages\/2489834"}],"wp:attachment":[{"href":"https:\/\/uusmaa.ee\/en\/wp-json\/wp\/v2\/media?parent=2490108"}],"curies":[{"name":"wp","href":"https:\/\/api.w.org\/{rel}","templated":true}]}}