{"id":1118448,"date":"2018-05-28T09:30:29","date_gmt":"2018-05-28T09:30:29","guid":{"rendered":"https:\/\/uusmaa.ee\/kontakt\/"},"modified":"2025-09-15T20:27:09","modified_gmt":"2025-09-15T17:27:09","slug":"kontakt","status":"publish","type":"page","link":"https:\/\/uusmaa.ee\/en\/kontakt\/","title":{"rendered":"Contact"},"content":{"rendered":"\r\n<div class=\"wp-block-columns has-3-columns is-layout-flex wp-container-core-columns-is-layout-9d6595d7 wp-block-columns-is-layout-flex\">\r\n<div class=\"wp-block-column is-layout-flow wp-block-column-is-layout-flow\">\u00a0<\/div>\r\n<\/div>\r\n","protected":false},"excerpt":{"rendered":"<p>\u00a0<\/p>\n","protected":false},"author":21,"featured_media":0,"parent":0,"menu_order":257,"comment_status":"closed","ping_status":"closed","template":"template-contact.php","meta":{"_acf_changed":false,"footnotes":""},"class_list":["post-1118448","page","type-page","status-publish","hentry"],"acf":[],"yoast_head":"<!-- This site is optimized with the Yoast SEO plugin v27.5 - https:\/\/yoast.com\/product\/yoast-seo-wordpress\/ -->\n<title>Contact | V\u00f5ta \u00fchendust &#8211; Uus Maa Kinnisvarab&uuml;roo<\/title>\n<meta name=\"description\" content=\"Oleme esindatud \u00fcle Eesti. Kliki endale l\u00e4hima b\u00fcroo nimele ja leiate just endale sobiliku maakleri v\u00f5i hindaja kontaktid. +372 627 2600, uusmaa@uusmaa.ee.\" \/>\n<meta name=\"robots\" content=\"index, follow, max-snippet:-1, max-image-preview:large, max-video-preview:-1\" \/>\n<link rel=\"canonical\" href=\"https:\/\/uusmaa.ee\/en\/kontakt\/\" \/>\n<meta property=\"og:locale\" content=\"en_US\" \/>\n<meta property=\"og:type\" content=\"article\" \/>\n<meta property=\"og:title\" content=\"Contact | V\u00f5ta \u00fchendust &#8211; Uus Maa Kinnisvarab&uuml;roo\" \/>\n<meta property=\"og:description\" content=\"Oleme esindatud \u00fcle Eesti. Kliki endale l\u00e4hima b\u00fcroo nimele ja leiate just endale sobiliku maakleri v\u00f5i hindaja kontaktid. +372 627 2600, uusmaa@uusmaa.ee.\" \/>\n<meta property=\"og:url\" content=\"https:\/\/uusmaa.ee\/en\/kontakt\/\" \/>\n<meta property=\"og:site_name\" content=\"Uus Maa Kinnisvarab&uuml;roo\" \/>\n<meta property=\"article:publisher\" content=\"https:\/\/www.facebook.com\/uusmaakinnisvarabyroo\" \/>\n<meta property=\"article:modified_time\" content=\"2025-09-15T17:27:09+00:00\" \/>\n<meta name=\"twitter:card\" content=\"summary_large_image\" \/>\n<!-- \/ Yoast SEO plugin. -->","yoast_head_json":{"title":"Contact | V\u00f5ta \u00fchendust &#8211; Uus Maa Kinnisvarab&uuml;roo","description":"Oleme esindatud \u00fcle Eesti. Kliki endale l\u00e4hima b\u00fcroo nimele ja leiate just endale sobiliku maakleri v\u00f5i hindaja kontaktid. +372 627 2600, uusmaa@uusmaa.ee.","robots":{"index":"index","follow":"follow","max-snippet":"max-snippet:-1","max-image-preview":"max-image-preview:large","max-video-preview":"max-video-preview:-1"},"canonical":"https:\/\/uusmaa.ee\/en\/kontakt\/","og_locale":"en_US","og_type":"article","og_title":"Contact | V\u00f5ta \u00fchendust &#8211; Uus Maa Kinnisvarab&uuml;roo","og_description":"Oleme esindatud \u00fcle Eesti. Kliki endale l\u00e4hima b\u00fcroo nimele ja leiate just endale sobiliku maakleri v\u00f5i hindaja kontaktid. +372 627 2600, uusmaa@uusmaa.ee.","og_url":"https:\/\/uusmaa.ee\/en\/kontakt\/","og_site_name":"Uus Maa Kinnisvarab&uuml;roo","article_publisher":"https:\/\/www.facebook.com\/uusmaakinnisvarabyroo","article_modified_time":"2025-09-15T17:27:09+00:00","twitter_card":"summary_large_image","schema":{"@context":"https:\/\/schema.org","@graph":[{"@type":"WebPage","@id":"https:\/\/uusmaa.ee\/en\/kontakt\/","url":"https:\/\/uusmaa.ee\/en\/kontakt\/","name":"Contact | V\u00f5ta \u00fchendust &#8211; Uus Maa Kinnisvarab&uuml;roo","isPartOf":{"@id":"https:\/\/uusmaa.ee\/en\/#website"},"datePublished":"2018-05-28T09:30:29+00:00","dateModified":"2025-09-15T17:27:09+00:00","description":"Oleme esindatud \u00fcle Eesti. Kliki endale l\u00e4hima b\u00fcroo nimele ja leiate just endale sobiliku maakleri v\u00f5i hindaja kontaktid. +372 627 2600, uusmaa@uusmaa.ee.","breadcrumb":{"@id":"https:\/\/uusmaa.ee\/en\/kontakt\/#breadcrumb"},"inLanguage":"en-US","potentialAction":[{"@type":"ReadAction","target":["https:\/\/uusmaa.ee\/en\/kontakt\/"]}]},{"@type":"BreadcrumbList","@id":"https:\/\/uusmaa.ee\/en\/kontakt\/#breadcrumb","itemListElement":[{"@type":"ListItem","position":1,"name":"Uus Maa kinnisvarab\u00fcroo","item":"https:\/\/uusmaa.ee\/en\/"},{"@type":"ListItem","position":2,"name":"Contact"}]},{"@type":"WebSite","@id":"https:\/\/uusmaa.ee\/en\/#website","url":"https:\/\/uusmaa.ee\/en\/","name":"Uus Maa Kinnisvarab\u00fcroo","description":"Turuliider Uus Maa Kinnisvarab&uuml;roo &ndash; 30 aastat rahulolevaid kliente","publisher":{"@id":"https:\/\/uusmaa.ee\/en\/#organization"},"potentialAction":[{"@type":"SearchAction","target":{"@type":"EntryPoint","urlTemplate":"https:\/\/uusmaa.ee\/en\/?s={search_term_string}"},"query-input":{"@type":"PropertyValueSpecification","valueRequired":true,"valueName":"search_term_string"}}],"inLanguage":"en-US"},{"@type":"Organization","@id":"https:\/\/uusmaa.ee\/en\/#organization","name":"Uus Maa","url":"https:\/\/uusmaa.ee\/en\/","logo":{"@type":"ImageObject","inLanguage":"en-US","@id":"https:\/\/uusmaa.ee\/en\/#\/schema\/logo\/image\/","url":"https:\/\/uusmaa.ee\/wp-content\/uploads\/2024\/05\/UM_base_logo_color_215x33px.svg","contentUrl":"https:\/\/uusmaa.ee\/wp-content\/uploads\/2024\/05\/UM_base_logo_color_215x33px.svg","width":215,"height":33,"caption":"Uus Maa"},"image":{"@id":"https:\/\/uusmaa.ee\/en\/#\/schema\/logo\/image\/"},"sameAs":["https:\/\/www.facebook.com\/uusmaakinnisvarabyroo","https:\/\/www.linkedin.com\/company\/uus-maa-kinnisvarab-roo","https:\/\/www.youtube.com\/user\/uusmaa20"]}]}},"_links":{"self":[{"href":"https:\/\/uusmaa.ee\/en\/wp-json\/wp\/v2\/pages\/1118448","targetHints":{"allow":["GET"]}}],"collection":[{"href":"https:\/\/uusmaa.ee\/en\/wp-json\/wp\/v2\/pages"}],"about":[{"href":"https:\/\/uusmaa.ee\/en\/wp-json\/wp\/v2\/types\/page"}],"author":[{"embeddable":true,"href":"https:\/\/uusmaa.ee\/en\/wp-json\/wp\/v2\/users\/21"}],"replies":[{"embeddable":true,"href":"https:\/\/uusmaa.ee\/en\/wp-json\/wp\/v2\/comments?post=1118448"}],"version-history":[{"count":1,"href":"https:\/\/uusmaa.ee\/en\/wp-json\/wp\/v2\/pages\/1118448\/revisions"}],"predecessor-version":[{"id":2674374,"href":"https:\/\/uusmaa.ee\/en\/wp-json\/wp\/v2\/pages\/1118448\/revisions\/2674374"}],"wp:attachment":[{"href":"https:\/\/uusmaa.ee\/en\/wp-json\/wp\/v2\/media?parent=1118448"}],"curies":[{"name":"wp","href":"https:\/\/api.w.org\/{rel}","templated":true}]}}