{"id":1118439,"date":"2018-11-26T12:07:02","date_gmt":"2018-11-26T10:07:02","guid":{"rendered":"https:\/\/uusmaa.ee\/jogeva\/"},"modified":"2019-04-09T17:48:37","modified_gmt":"2019-04-09T14:48:37","slug":"jogeva","status":"publish","type":"page","link":"https:\/\/uusmaa.ee\/en\/kontakt\/jogeva\/","title":{"rendered":"J\u00f5geva"},"content":{"rendered":"","protected":false},"excerpt":{"rendered":"","protected":false},"author":21,"featured_media":0,"parent":1118448,"menu_order":199,"comment_status":"closed","ping_status":"closed","template":"template-contact.php","meta":{"_acf_changed":false,"footnotes":""},"class_list":["post-1118439","page","type-page","status-publish","hentry"],"acf":[],"yoast_head":"<!-- This site is optimized with the Yoast SEO plugin v27.0 - https:\/\/yoast.com\/product\/yoast-seo-wordpress\/ -->\n<title>Uus Maa J\u00f5geva b\u00fcroo kontaktid &#8211; Uus Maa Kinnisvarab&uuml;roo<\/title>\n<meta name=\"description\" content=\"2006. aasta kevadel avati Uus Maa J\u00f5geva kontor. Esindaja on Triin Sirg. E-post jogeva@uusmaa.ee ja telefon +372 5193 8583.\" \/>\n<meta name=\"robots\" content=\"index, follow, max-snippet:-1, max-image-preview:large, max-video-preview:-1\" \/>\n<link rel=\"canonical\" href=\"https:\/\/uusmaa.ee\/en\/kontakt\/jogeva\/\" \/>\n<meta property=\"og:locale\" content=\"en_US\" \/>\n<meta property=\"og:type\" content=\"article\" \/>\n<meta property=\"og:title\" content=\"Uus Maa J\u00f5geva b\u00fcroo kontaktid &#8211; Uus Maa Kinnisvarab&uuml;roo\" \/>\n<meta property=\"og:description\" content=\"2006. aasta kevadel avati Uus Maa J\u00f5geva kontor. Esindaja on Triin Sirg. E-post jogeva@uusmaa.ee ja telefon +372 5193 8583.\" \/>\n<meta property=\"og:url\" content=\"https:\/\/uusmaa.ee\/en\/kontakt\/jogeva\/\" \/>\n<meta property=\"og:site_name\" content=\"Uus Maa Kinnisvarab&uuml;roo\" \/>\n<meta property=\"article:publisher\" content=\"https:\/\/www.facebook.com\/uusmaakinnisvarabyroo\" \/>\n<meta property=\"article:modified_time\" content=\"2019-04-09T14:48:37+00:00\" \/>\n<meta name=\"twitter:card\" content=\"summary_large_image\" \/>\n<!-- \/ Yoast SEO plugin. -->","yoast_head_json":{"title":"Uus Maa J\u00f5geva b\u00fcroo kontaktid &#8211; Uus Maa Kinnisvarab&uuml;roo","description":"2006. aasta kevadel avati Uus Maa J\u00f5geva kontor. Esindaja on Triin Sirg. E-post jogeva@uusmaa.ee ja telefon +372 5193 8583.","robots":{"index":"index","follow":"follow","max-snippet":"max-snippet:-1","max-image-preview":"max-image-preview:large","max-video-preview":"max-video-preview:-1"},"canonical":"https:\/\/uusmaa.ee\/en\/kontakt\/jogeva\/","og_locale":"en_US","og_type":"article","og_title":"Uus Maa J\u00f5geva b\u00fcroo kontaktid &#8211; Uus Maa Kinnisvarab&uuml;roo","og_description":"2006. aasta kevadel avati Uus Maa J\u00f5geva kontor. Esindaja on Triin Sirg. E-post jogeva@uusmaa.ee ja telefon +372 5193 8583.","og_url":"https:\/\/uusmaa.ee\/en\/kontakt\/jogeva\/","og_site_name":"Uus Maa Kinnisvarab&uuml;roo","article_publisher":"https:\/\/www.facebook.com\/uusmaakinnisvarabyroo","article_modified_time":"2019-04-09T14:48:37+00:00","twitter_card":"summary_large_image","schema":{"@context":"https:\/\/schema.org","@graph":[{"@type":"WebPage","@id":"https:\/\/uusmaa.ee\/en\/kontakt\/jogeva\/","url":"https:\/\/uusmaa.ee\/en\/kontakt\/jogeva\/","name":"Uus Maa J\u00f5geva b\u00fcroo kontaktid &#8211; Uus Maa Kinnisvarab&uuml;roo","isPartOf":{"@id":"https:\/\/uusmaa.ee\/en\/#website"},"datePublished":"2018-11-26T10:07:02+00:00","dateModified":"2019-04-09T14:48:37+00:00","description":"2006. aasta kevadel avati Uus Maa J\u00f5geva kontor. Esindaja on Triin Sirg. E-post jogeva@uusmaa.ee ja telefon +372 5193 8583.","breadcrumb":{"@id":"https:\/\/uusmaa.ee\/en\/kontakt\/jogeva\/#breadcrumb"},"inLanguage":"en-US","potentialAction":[{"@type":"ReadAction","target":["https:\/\/uusmaa.ee\/en\/kontakt\/jogeva\/"]}]},{"@type":"BreadcrumbList","@id":"https:\/\/uusmaa.ee\/en\/kontakt\/jogeva\/#breadcrumb","itemListElement":[{"@type":"ListItem","position":1,"name":"Uus Maa kinnisvarab\u00fcroo","item":"https:\/\/uusmaa.ee\/en\/"},{"@type":"ListItem","position":2,"name":"Contact","item":"https:\/\/uusmaa.ee\/en\/kontakt\/"},{"@type":"ListItem","position":3,"name":"J\u00f5geva"}]},{"@type":"WebSite","@id":"https:\/\/uusmaa.ee\/en\/#website","url":"https:\/\/uusmaa.ee\/en\/","name":"Uus Maa Kinnisvarab\u00fcroo","description":"Turuliider Uus Maa Kinnisvarab&uuml;roo &ndash; 30 aastat rahulolevaid kliente","publisher":{"@id":"https:\/\/uusmaa.ee\/en\/#organization"},"potentialAction":[{"@type":"SearchAction","target":{"@type":"EntryPoint","urlTemplate":"https:\/\/uusmaa.ee\/en\/?s={search_term_string}"},"query-input":{"@type":"PropertyValueSpecification","valueRequired":true,"valueName":"search_term_string"}}],"inLanguage":"en-US"},{"@type":"Organization","@id":"https:\/\/uusmaa.ee\/en\/#organization","name":"Uus Maa","url":"https:\/\/uusmaa.ee\/en\/","logo":{"@type":"ImageObject","inLanguage":"en-US","@id":"https:\/\/uusmaa.ee\/en\/#\/schema\/logo\/image\/","url":"https:\/\/uusmaa.ee\/wp-content\/uploads\/2024\/05\/UM_base_logo_color_215x33px.svg","contentUrl":"https:\/\/uusmaa.ee\/wp-content\/uploads\/2024\/05\/UM_base_logo_color_215x33px.svg","width":215,"height":33,"caption":"Uus Maa"},"image":{"@id":"https:\/\/uusmaa.ee\/en\/#\/schema\/logo\/image\/"},"sameAs":["https:\/\/www.facebook.com\/uusmaakinnisvarabyroo","https:\/\/www.linkedin.com\/company\/uus-maa-kinnisvarab-roo","https:\/\/www.youtube.com\/user\/uusmaa20"]}]}},"_links":{"self":[{"href":"https:\/\/uusmaa.ee\/en\/wp-json\/wp\/v2\/pages\/1118439","targetHints":{"allow":["GET"]}}],"collection":[{"href":"https:\/\/uusmaa.ee\/en\/wp-json\/wp\/v2\/pages"}],"about":[{"href":"https:\/\/uusmaa.ee\/en\/wp-json\/wp\/v2\/types\/page"}],"author":[{"embeddable":true,"href":"https:\/\/uusmaa.ee\/en\/wp-json\/wp\/v2\/users\/21"}],"replies":[{"embeddable":true,"href":"https:\/\/uusmaa.ee\/en\/wp-json\/wp\/v2\/comments?post=1118439"}],"version-history":[{"count":0,"href":"https:\/\/uusmaa.ee\/en\/wp-json\/wp\/v2\/pages\/1118439\/revisions"}],"up":[{"embeddable":true,"href":"https:\/\/uusmaa.ee\/en\/wp-json\/wp\/v2\/pages\/1118448"}],"wp:attachment":[{"href":"https:\/\/uusmaa.ee\/en\/wp-json\/wp\/v2\/media?parent=1118439"}],"curies":[{"name":"wp","href":"https:\/\/api.w.org\/{rel}","templated":true}]}}