{"id":1118360,"date":"2018-05-28T09:30:34","date_gmt":"2018-05-28T09:30:34","guid":{"rendered":"https:\/\/uusmaa.ee\/?page_id=1118360"},"modified":"2025-09-15T15:43:05","modified_gmt":"2025-09-15T12:43:05","slug":"market-review","status":"publish","type":"page","link":"https:\/\/uusmaa.ee\/en\/market-review\/","title":{"rendered":"Market reviews"},"content":{"rendered":"&#013;\n<p><strong>Uus Maa Kinnisvarab\u00fcroo turu\u00fclevaade on Teile heaks teejuhiks kui olete tegemas kinnisvara ostu- v\u00f5i m\u00fc\u00fcgitehingut. Meie turu\u00fclevaadetes igakuiselt kajastatav v\u00e4rske informatsioon hoiab Teid kursiskinnisvaraturul toimuvaga ja aitab Teil teha \u00f5igeid otsuseid.<\/strong><\/p>&#013;\n","protected":false},"excerpt":{"rendered":"<p>&#013; Uus Maa Kinnisvarab\u00fcroo turu\u00fclevaade on Teile heaks teejuhiks kui olete tegemas kinnisvara ostu- v\u00f5i m\u00fc\u00fcgitehingut. Meie turu\u00fclevaadetes igakuiselt kajastatav v\u00e4rske informatsioon hoiab Teid kursiskinnisvaraturul toimuvaga ja aitab Teil teha \u00f5igeid otsuseid. &#013;<\/p>\n","protected":false},"author":21,"featured_media":0,"parent":0,"menu_order":267,"comment_status":"closed","ping_status":"closed","template":"template-turuulevaated.php","meta":{"_acf_changed":false,"footnotes":""},"class_list":["post-1118360","page","type-page","status-publish","hentry"],"acf":[],"yoast_head":"<!-- This site is optimized with the Yoast SEO plugin v27.5 - https:\/\/yoast.com\/product\/yoast-seo-wordpress\/ -->\n<title>Estonian Real Estate Market Reviews &#8211; Uus Maa Real Estate Agency<\/title>\n<meta name=\"description\" content=\"The Market Review of Uus Maa Real Estate is a good guide for you when you are buying or selling a property. Fresh information from our market overviews...\" \/>\n<meta name=\"robots\" content=\"index, follow, max-snippet:-1, max-image-preview:large, max-video-preview:-1\" \/>\n<link rel=\"canonical\" href=\"https:\/\/uusmaa.ee\/en\/market-review\/\" \/>\n<meta property=\"og:locale\" content=\"en_US\" \/>\n<meta property=\"og:type\" content=\"article\" \/>\n<meta property=\"og:title\" content=\"Estonian Real Estate Market Reviews &#8211; Uus Maa Real Estate Agency\" \/>\n<meta property=\"og:description\" content=\"The Market Review of Uus Maa Real Estate is a good guide for you when you are buying or selling a property. Fresh information from our market overviews...\" \/>\n<meta property=\"og:url\" content=\"https:\/\/uusmaa.ee\/en\/market-review\/\" \/>\n<meta property=\"og:site_name\" content=\"Uus Maa Kinnisvarab&uuml;roo\" \/>\n<meta property=\"article:publisher\" content=\"https:\/\/www.facebook.com\/uusmaakinnisvarabyroo\" \/>\n<meta property=\"article:modified_time\" content=\"2025-09-15T12:43:05+00:00\" \/>\n<meta name=\"twitter:card\" content=\"summary_large_image\" \/>\n<!-- \/ Yoast SEO plugin. -->","yoast_head_json":{"title":"Estonian Real Estate Market Reviews &#8211; Uus Maa Real Estate Agency","description":"The Market Review of Uus Maa Real Estate is a good guide for you when you are buying or selling a property. Fresh information from our market overviews...","robots":{"index":"index","follow":"follow","max-snippet":"max-snippet:-1","max-image-preview":"max-image-preview:large","max-video-preview":"max-video-preview:-1"},"canonical":"https:\/\/uusmaa.ee\/en\/market-review\/","og_locale":"en_US","og_type":"article","og_title":"Estonian Real Estate Market Reviews &#8211; Uus Maa Real Estate Agency","og_description":"The Market Review of Uus Maa Real Estate is a good guide for you when you are buying or selling a property. Fresh information from our market overviews...","og_url":"https:\/\/uusmaa.ee\/en\/market-review\/","og_site_name":"Uus Maa Kinnisvarab&uuml;roo","article_publisher":"https:\/\/www.facebook.com\/uusmaakinnisvarabyroo","article_modified_time":"2025-09-15T12:43:05+00:00","twitter_card":"summary_large_image","schema":{"@context":"https:\/\/schema.org","@graph":[{"@type":"WebPage","@id":"https:\/\/uusmaa.ee\/en\/market-review\/","url":"https:\/\/uusmaa.ee\/en\/market-review\/","name":"Estonian Real Estate Market Reviews &#8211; Uus Maa Real Estate Agency","isPartOf":{"@id":"https:\/\/uusmaa.ee\/en\/#website"},"datePublished":"2018-05-28T09:30:34+00:00","dateModified":"2025-09-15T12:43:05+00:00","description":"The Market Review of Uus Maa Real Estate is a good guide for you when you are buying or selling a property. Fresh information from our market overviews...","breadcrumb":{"@id":"https:\/\/uusmaa.ee\/en\/market-review\/#breadcrumb"},"inLanguage":"en-US","potentialAction":[{"@type":"ReadAction","target":["https:\/\/uusmaa.ee\/en\/market-review\/"]}]},{"@type":"BreadcrumbList","@id":"https:\/\/uusmaa.ee\/en\/market-review\/#breadcrumb","itemListElement":[{"@type":"ListItem","position":1,"name":"Uus Maa kinnisvarab\u00fcroo","item":"https:\/\/uusmaa.ee\/en\/"},{"@type":"ListItem","position":2,"name":"Market reviews"}]},{"@type":"WebSite","@id":"https:\/\/uusmaa.ee\/en\/#website","url":"https:\/\/uusmaa.ee\/en\/","name":"Uus Maa Kinnisvarab\u00fcroo","description":"Turuliider Uus Maa Kinnisvarab&uuml;roo &ndash; 30 aastat rahulolevaid kliente","publisher":{"@id":"https:\/\/uusmaa.ee\/en\/#organization"},"potentialAction":[{"@type":"SearchAction","target":{"@type":"EntryPoint","urlTemplate":"https:\/\/uusmaa.ee\/en\/?s={search_term_string}"},"query-input":{"@type":"PropertyValueSpecification","valueRequired":true,"valueName":"search_term_string"}}],"inLanguage":"en-US"},{"@type":"Organization","@id":"https:\/\/uusmaa.ee\/en\/#organization","name":"Uus Maa","url":"https:\/\/uusmaa.ee\/en\/","logo":{"@type":"ImageObject","inLanguage":"en-US","@id":"https:\/\/uusmaa.ee\/en\/#\/schema\/logo\/image\/","url":"https:\/\/uusmaa.ee\/wp-content\/uploads\/2024\/05\/UM_base_logo_color_215x33px.svg","contentUrl":"https:\/\/uusmaa.ee\/wp-content\/uploads\/2024\/05\/UM_base_logo_color_215x33px.svg","width":215,"height":33,"caption":"Uus Maa"},"image":{"@id":"https:\/\/uusmaa.ee\/en\/#\/schema\/logo\/image\/"},"sameAs":["https:\/\/www.facebook.com\/uusmaakinnisvarabyroo","https:\/\/www.linkedin.com\/company\/uus-maa-kinnisvarab-roo","https:\/\/www.youtube.com\/user\/uusmaa20"]}]}},"_links":{"self":[{"href":"https:\/\/uusmaa.ee\/en\/wp-json\/wp\/v2\/pages\/1118360","targetHints":{"allow":["GET"]}}],"collection":[{"href":"https:\/\/uusmaa.ee\/en\/wp-json\/wp\/v2\/pages"}],"about":[{"href":"https:\/\/uusmaa.ee\/en\/wp-json\/wp\/v2\/types\/page"}],"author":[{"embeddable":true,"href":"https:\/\/uusmaa.ee\/en\/wp-json\/wp\/v2\/users\/21"}],"replies":[{"embeddable":true,"href":"https:\/\/uusmaa.ee\/en\/wp-json\/wp\/v2\/comments?post=1118360"}],"version-history":[{"count":1,"href":"https:\/\/uusmaa.ee\/en\/wp-json\/wp\/v2\/pages\/1118360\/revisions"}],"predecessor-version":[{"id":2651440,"href":"https:\/\/uusmaa.ee\/en\/wp-json\/wp\/v2\/pages\/1118360\/revisions\/2651440"}],"wp:attachment":[{"href":"https:\/\/uusmaa.ee\/en\/wp-json\/wp\/v2\/media?parent=1118360"}],"curies":[{"name":"wp","href":"https:\/\/api.w.org\/{rel}","templated":true}]}}