{"id":1118332,"date":"2019-04-01T11:53:14","date_gmt":"2019-04-01T08:53:14","guid":{"rendered":"https:\/\/uusmaa.ee\/?page_id=1118332"},"modified":"2020-12-14T13:50:06","modified_gmt":"2020-12-14T11:50:06","slug":"investing","status":"publish","type":"page","link":"https:\/\/uusmaa.ee\/en\/investing\/","title":{"rendered":"Investing"},"content":{"rendered":"<p><strong>Our experienced advisors will help you with larger and smaller investment projects, from strategic planning to the most profitable end result. This could be a commercial property to generate cash-flow or a successful sale of land or buildings. When you contact us, we will always put your individual wishes first and the first consultation is free of charge.<\/strong><\/p>\n<p>Having been Estonia\u2019s leading real estate agency for decades, we have the most up-to-date and detailed overview of the market and an extensive network of contacts. We believe that our thorough and proactive approach, integrated services, and smooth process are the cornerstones of our good results and the basis for reliable and long-lasting relationships with our customers.<\/p>\n<p>If we were to become partners after the first meeting, we will develop the most suitable investment solutions for you with the highest income potential. We involve the best specialists in their field at every stage of the cooperation, from advisors and appraisers to analysts and brokers. Our network of professional brokers includes almost 200 brokers from all across Estonia. As a result, we are fully aware of both the current market situation as well as new trends, and we are able to ensure reliable forecasts for sound investments. If required, we can also help you find additional financing options and advise you after the transaction.<\/p>\n<p>Contact our advisors to book your first meeting:<br \/>\n<strong>Danel Talpsepp<\/strong><br \/>\nHead of Advisory<br \/>\n&#x44;&#97;&#x6e;&#101;l&#x2e;&#84;a&#x6c;&#112;&#x73;&#x65;p&#x70;&#64;u&#x75;&#115;&#x6d;&#x61;a&#x2e;&#101;e<br \/>\n+372 56 667 437<\/p>\n<p><strong>Kristjan Ploompuu<br \/>\n<\/strong>Executive Board Member<br \/>\n&#75;&#114;&#x69;s&#116;&#x6a;&#x61;n&#46;&#x50;&#x6c;o&#111;&#x6d;&#x70;u&#117;&#x40;&#x75;u&#115;&#x6d;&#x61;a&#46;&#x65;e<br \/>\n+372 5683 2434<\/p>\n<p>Latest publications:<br \/>\n<a href=\"http:\/\/www.aripaev.ee\/saated\/2020\/07\/24\/maakler-kinnisvara-kaiakse-vaatamas-aga-ei-osteta\">www.aripaev.ee\/saated\/2020\/07\/24\/maakler-kinnisvara-kaiakse-vaatamas-aga-ei-osteta<\/a><br \/>\n<a href=\"http:\/\/www.aripaev.ee\/raadio\/episood\/tallinna-muuakse-kvartalite-kaupa\">www.aripaev.ee\/raadio\/episood\/tallinna-muuakse-kvartalite-kaupa<\/a><\/p>\n","protected":false},"excerpt":{"rendered":"<p>Our experienced advisors will help you with larger and smaller investment projects, from strategic planning to the most profitable end result. This could be a commercial property to generate cash-flow or a successful sale of land or buildings. When you contact us, we will always put your individual wishes first and the first consultation is &hellip;<\/p>\n","protected":false},"author":21,"featured_media":0,"parent":0,"menu_order":236,"comment_status":"closed","ping_status":"closed","template":"","meta":{"_acf_changed":false,"footnotes":""},"class_list":["post-1118332","page","type-page","status-publish","hentry"],"acf":[],"yoast_head":"<!-- This site is optimized with the Yoast SEO plugin v27.5 - https:\/\/yoast.com\/product\/yoast-seo-wordpress\/ -->\n<title>Investing Kinnisvarasse &#8211; Uus Maa Kinnisvarab&uuml;roo<\/title>\n<meta name=\"description\" content=\"Mujal maailmas on tavaks, et fondide k\u00f5rval ka \u00fcksikisikud investeerivad kinnisvarasse, ostes \u00fc\u00fcrikortereid passiivse sissetuleku tagamiseks. Loe l\u00e4hemalt.\" \/>\n<meta name=\"robots\" content=\"index, follow, max-snippet:-1, max-image-preview:large, max-video-preview:-1\" \/>\n<link rel=\"canonical\" href=\"https:\/\/uusmaa.ee\/en\/investing\/\" \/>\n<meta property=\"og:locale\" content=\"en_US\" \/>\n<meta property=\"og:type\" content=\"article\" \/>\n<meta property=\"og:title\" content=\"Investing Kinnisvarasse &#8211; Uus Maa Kinnisvarab&uuml;roo\" \/>\n<meta property=\"og:description\" content=\"Mujal maailmas on tavaks, et fondide k\u00f5rval ka \u00fcksikisikud investeerivad kinnisvarasse, ostes \u00fc\u00fcrikortereid passiivse sissetuleku tagamiseks. Loe l\u00e4hemalt.\" \/>\n<meta property=\"og:url\" content=\"https:\/\/uusmaa.ee\/en\/investing\/\" \/>\n<meta property=\"og:site_name\" content=\"Uus Maa Kinnisvarab&uuml;roo\" \/>\n<meta property=\"article:publisher\" content=\"https:\/\/www.facebook.com\/uusmaakinnisvarabyroo\" \/>\n<meta property=\"article:modified_time\" content=\"2020-12-14T11:50:06+00:00\" \/>\n<meta name=\"twitter:card\" content=\"summary_large_image\" \/>\n<meta name=\"twitter:label1\" content=\"Est. reading time\" \/>\n\t<meta name=\"twitter:data1\" content=\"1 minute\" \/>\n<!-- \/ Yoast SEO plugin. -->","yoast_head_json":{"title":"Investing Kinnisvarasse &#8211; Uus Maa Kinnisvarab&uuml;roo","description":"Mujal maailmas on tavaks, et fondide k\u00f5rval ka \u00fcksikisikud investeerivad kinnisvarasse, ostes \u00fc\u00fcrikortereid passiivse sissetuleku tagamiseks. Loe l\u00e4hemalt.","robots":{"index":"index","follow":"follow","max-snippet":"max-snippet:-1","max-image-preview":"max-image-preview:large","max-video-preview":"max-video-preview:-1"},"canonical":"https:\/\/uusmaa.ee\/en\/investing\/","og_locale":"en_US","og_type":"article","og_title":"Investing Kinnisvarasse &#8211; Uus Maa Kinnisvarab&uuml;roo","og_description":"Mujal maailmas on tavaks, et fondide k\u00f5rval ka \u00fcksikisikud investeerivad kinnisvarasse, ostes \u00fc\u00fcrikortereid passiivse sissetuleku tagamiseks. Loe l\u00e4hemalt.","og_url":"https:\/\/uusmaa.ee\/en\/investing\/","og_site_name":"Uus Maa Kinnisvarab&uuml;roo","article_publisher":"https:\/\/www.facebook.com\/uusmaakinnisvarabyroo","article_modified_time":"2020-12-14T11:50:06+00:00","twitter_card":"summary_large_image","twitter_misc":{"Est. reading time":"1 minute"},"schema":{"@context":"https:\/\/schema.org","@graph":[{"@type":"WebPage","@id":"https:\/\/uusmaa.ee\/en\/investing\/","url":"https:\/\/uusmaa.ee\/en\/investing\/","name":"Investing Kinnisvarasse &#8211; Uus Maa Kinnisvarab&uuml;roo","isPartOf":{"@id":"https:\/\/uusmaa.ee\/en\/#website"},"datePublished":"2019-04-01T08:53:14+00:00","dateModified":"2020-12-14T11:50:06+00:00","description":"Mujal maailmas on tavaks, et fondide k\u00f5rval ka \u00fcksikisikud investeerivad kinnisvarasse, ostes \u00fc\u00fcrikortereid passiivse sissetuleku tagamiseks. Loe l\u00e4hemalt.","breadcrumb":{"@id":"https:\/\/uusmaa.ee\/en\/investing\/#breadcrumb"},"inLanguage":"en-US","potentialAction":[{"@type":"ReadAction","target":["https:\/\/uusmaa.ee\/en\/investing\/"]}]},{"@type":"BreadcrumbList","@id":"https:\/\/uusmaa.ee\/en\/investing\/#breadcrumb","itemListElement":[{"@type":"ListItem","position":1,"name":"Uus Maa kinnisvarab\u00fcroo","item":"https:\/\/uusmaa.ee\/en\/"},{"@type":"ListItem","position":2,"name":"Investing"}]},{"@type":"WebSite","@id":"https:\/\/uusmaa.ee\/en\/#website","url":"https:\/\/uusmaa.ee\/en\/","name":"Uus Maa Kinnisvarab\u00fcroo","description":"Turuliider Uus Maa Kinnisvarab&uuml;roo &ndash; 30 aastat rahulolevaid kliente","publisher":{"@id":"https:\/\/uusmaa.ee\/en\/#organization"},"potentialAction":[{"@type":"SearchAction","target":{"@type":"EntryPoint","urlTemplate":"https:\/\/uusmaa.ee\/en\/?s={search_term_string}"},"query-input":{"@type":"PropertyValueSpecification","valueRequired":true,"valueName":"search_term_string"}}],"inLanguage":"en-US"},{"@type":"Organization","@id":"https:\/\/uusmaa.ee\/en\/#organization","name":"Uus Maa","url":"https:\/\/uusmaa.ee\/en\/","logo":{"@type":"ImageObject","inLanguage":"en-US","@id":"https:\/\/uusmaa.ee\/en\/#\/schema\/logo\/image\/","url":"https:\/\/uusmaa.ee\/wp-content\/uploads\/2024\/05\/UM_base_logo_color_215x33px.svg","contentUrl":"https:\/\/uusmaa.ee\/wp-content\/uploads\/2024\/05\/UM_base_logo_color_215x33px.svg","width":215,"height":33,"caption":"Uus Maa"},"image":{"@id":"https:\/\/uusmaa.ee\/en\/#\/schema\/logo\/image\/"},"sameAs":["https:\/\/www.facebook.com\/uusmaakinnisvarabyroo","https:\/\/www.linkedin.com\/company\/uus-maa-kinnisvarab-roo","https:\/\/www.youtube.com\/user\/uusmaa20"]}]}},"_links":{"self":[{"href":"https:\/\/uusmaa.ee\/en\/wp-json\/wp\/v2\/pages\/1118332","targetHints":{"allow":["GET"]}}],"collection":[{"href":"https:\/\/uusmaa.ee\/en\/wp-json\/wp\/v2\/pages"}],"about":[{"href":"https:\/\/uusmaa.ee\/en\/wp-json\/wp\/v2\/types\/page"}],"author":[{"embeddable":true,"href":"https:\/\/uusmaa.ee\/en\/wp-json\/wp\/v2\/users\/21"}],"replies":[{"embeddable":true,"href":"https:\/\/uusmaa.ee\/en\/wp-json\/wp\/v2\/comments?post=1118332"}],"version-history":[{"count":0,"href":"https:\/\/uusmaa.ee\/en\/wp-json\/wp\/v2\/pages\/1118332\/revisions"}],"wp:attachment":[{"href":"https:\/\/uusmaa.ee\/en\/wp-json\/wp\/v2\/media?parent=1118332"}],"curies":[{"name":"wp","href":"https:\/\/api.w.org\/{rel}","templated":true}]}}